{"id":835,"date":"2021-07-29T17:12:38","date_gmt":"2021-07-29T15:12:38","guid":{"rendered":"https:\/\/www.domaineducouvent.com\/?page_id=835"},"modified":"2024-11-29T23:58:46","modified_gmt":"2024-11-29T22:58:46","slug":"maintenance","status":"publish","type":"page","link":"https:\/\/www.domaineducouvent.com\/index.php\/maintenance\/","title":{"rendered":"Maintenance"},"content":{"rendered":"<div class=\"brz-root__container brz-reset-all\">\n<section data-uid=\"jbjhqvacvffhvoebnjipejafxloicfqdlspu\" id=\"jbjhqvacvffhvoebnjipejafxloicfqdlspu\" class=\"brz-section brz-css-fahyu\">\n<div class=\"brz-section__content brz-section--boxed brz-css-sdnsd\" data-custom-id=\"ubwudpbfusypfkuezkreydjywhtxaykhkjje\">\n<div class=\"brz-container brz-css-qwllb\">\n<div class=\"brz-css-anpsw brz-wrapper\">\n<div class=\"brz-image brz-css-zshne\"><img class=\"brz-img\" src=\"https:\/\/www.domaineducouvent.com\/wp-content\/uploads\/brizy\/imgs\/LOGO-seul-1-e1627554168293-154x201x1x0x152x201x1627554168.jpg\" alt=\"\" loading=\"lazy\" \/><\/div>\n<\/div>\n<div class=\"brz-css-anpsw brz-wrapper\">\n<div class=\"brz-rich-text brz-rich-text__custom brz-css-xxzvw\" data-custom-id=\"uwjdsuruohylndxremsrywtbhnydkwsgvzlh\">\n<div>\n<p class=\"brz-css-ngrlm\" data-generated-css=\"brz-css-qxkho\" data-uniq-id=\"mqwpe\"><span class=\"brz-cp-color7\">Bienvenue sur le site du <\/span><span>Domaine du Couvent &#8211; Philippe Ch\u00e9ron <\/span><\/p>\n<p class=\"brz-css-mxuht\" data-generated-css=\"brz-css-gbjmk\" data-uniq-id=\"wnoqi\"><span class=\"brz-cp-color7\">Site en cours de cr\u00e9ation&#8230; <\/span><\/p>\n<p class=\"brz-css-kgwwr\" data-generated-css=\"brz-css-mtdbt\" data-uniq-id=\"hunra\"><span class=\"brz-cp-color7\">T\u00e9l\u00e9phone : 0380343030 <\/span><\/p>\n<p class=\"brz-css-qawnx\" data-generated-css=\"brz-css-kvnnm\" data-uniq-id=\"ytief\"><span class=\"brz-cp-color7\">Rendez vous en attendant sur <\/span><\/p>\n<\/div>\n<\/div>\n<\/div>\n<div class=\"brz-wrapper-clone brz-css-lruyq\">\n<div class=\"brz-d-xs-flex brz-flex-xs-wrap brz-css-uymkf\">\n<div class=\"brz-wrapper-clone__item brz-css-xafph\" id=\"relkqdfuqgjongprfvjlhedybnlghudtueeh\"><a class=\"brz-a brz-btn brz-css-kzzuu brz-css-stttd\" href=\"http:\/\/www.domaine-varoilles.com\/\" data-brz-link-type=\"external\" id data-custom-id=\"relkqdfuqgjongprfvjlhedybnlghudtueeh\"><span class=\"brz-span brz-text__editor\">Domaine des Varoilles<\/span><\/a><\/div>\n<\/div>\n<\/div>\n<\/div>\n<\/div>\n<\/section>\n<\/div>\n<p><!-- version:1732921126 --><\/p>\n","protected":false},"excerpt":{"rendered":"<p>Bienvenue sur le site du Domaine du Couvent &#8211; Philippe Ch\u00e9ron Site en cours de cr\u00e9ation&#8230; T\u00e9l\u00e9phone : 0380343030 Rendez vous en attendant sur Domaine des Varoilles<\/p>\n","protected":false},"author":1,"featured_media":0,"parent":0,"menu_order":0,"comment_status":"closed","ping_status":"closed","template":"brizy-blank-template.php","meta":[],"yoast_head":"<!-- This site is optimized with the Yoast SEO plugin v19.2 - https:\/\/yoast.com\/wordpress\/plugins\/seo\/ -->\n<title>Maintenance - Domaine du Couvent - Philippe Cheron<\/title>\n<meta name=\"robots\" content=\"index, follow, max-snippet:-1, max-image-preview:large, max-video-preview:-1\" \/>\n<link rel=\"canonical\" href=\"https:\/\/www.domaineducouvent.com\/index.php\/maintenance\/\" \/>\n<meta property=\"og:locale\" content=\"fr_FR\" \/>\n<meta property=\"og:type\" content=\"article\" \/>\n<meta property=\"og:title\" content=\"Maintenance - Domaine du Couvent - Philippe Cheron\" \/>\n<meta property=\"og:description\" content=\"Bienvenue sur le site du Domaine du Couvent &#8211; Philippe Ch\u00e9ron Site en cours de cr\u00e9ation&#8230; T\u00e9l\u00e9phone : 0380343030 Rendez vous en attendant sur Domaine des Varoilles\" \/>\n<meta property=\"og:url\" content=\"https:\/\/www.domaineducouvent.com\/index.php\/maintenance\/\" \/>\n<meta property=\"og:site_name\" content=\"Domaine du Couvent - Philippe Cheron\" \/>\n<meta property=\"article:modified_time\" content=\"2024-11-29T22:58:46+00:00\" \/>\n<meta property=\"og:image\" content=\"https:\/\/www.domaineducouvent.com\/wp-content\/uploads\/brizy\/imgs\/LOGO-seul-1-e1627554168293-154x201x1x0x152x201x1627554168.jpg\" \/>\n<meta name=\"author\" content=\"admin5320\" \/>\n<meta name=\"twitter:card\" content=\"summary_large_image\" \/>\n<script type=\"application\/ld+json\" class=\"yoast-schema-graph\">{\"@context\":\"https:\/\/schema.org\",\"@graph\":[{\"@type\":\"WebSite\",\"@id\":\"https:\/\/www.domaineducouvent.com\/#website\",\"url\":\"https:\/\/www.domaineducouvent.com\/\",\"name\":\"Domaine du Couvent - Philippe Cheron\",\"description\":\"Vigneron au service des Climats\",\"potentialAction\":[{\"@type\":\"SearchAction\",\"target\":{\"@type\":\"EntryPoint\",\"urlTemplate\":\"https:\/\/www.domaineducouvent.com\/?s={search_term_string}\"},\"query-input\":\"required name=search_term_string\"}],\"inLanguage\":\"fr-FR\"},{\"@type\":\"ImageObject\",\"inLanguage\":\"fr-FR\",\"@id\":\"https:\/\/www.domaineducouvent.com\/index.php\/maintenance\/#primaryimage\",\"url\":\"https:\/\/www.domaineducouvent.com\/wp-content\/uploads\/brizy\/imgs\/LOGO-seul-1-e1627554168293-154x201x1x0x152x201x1627554168.jpg\",\"contentUrl\":\"https:\/\/www.domaineducouvent.com\/wp-content\/uploads\/brizy\/imgs\/LOGO-seul-1-e1627554168293-154x201x1x0x152x201x1627554168.jpg\"},{\"@type\":\"WebPage\",\"@id\":\"https:\/\/www.domaineducouvent.com\/index.php\/maintenance\/#webpage\",\"url\":\"https:\/\/www.domaineducouvent.com\/index.php\/maintenance\/\",\"name\":\"Maintenance - Domaine du Couvent - Philippe Cheron\",\"isPartOf\":{\"@id\":\"https:\/\/www.domaineducouvent.com\/#website\"},\"primaryImageOfPage\":{\"@id\":\"https:\/\/www.domaineducouvent.com\/index.php\/maintenance\/#primaryimage\"},\"datePublished\":\"2021-07-29T15:12:38+00:00\",\"dateModified\":\"2024-11-29T22:58:46+00:00\",\"breadcrumb\":{\"@id\":\"https:\/\/www.domaineducouvent.com\/index.php\/maintenance\/#breadcrumb\"},\"inLanguage\":\"fr-FR\",\"potentialAction\":[{\"@type\":\"ReadAction\",\"target\":[\"https:\/\/www.domaineducouvent.com\/index.php\/maintenance\/\"]}]},{\"@type\":\"BreadcrumbList\",\"@id\":\"https:\/\/www.domaineducouvent.com\/index.php\/maintenance\/#breadcrumb\",\"itemListElement\":[{\"@type\":\"ListItem\",\"position\":1,\"name\":\"Accueil\",\"item\":\"https:\/\/www.domaineducouvent.com\/\"},{\"@type\":\"ListItem\",\"position\":2,\"name\":\"Maintenance\"}]}]}<\/script>\n<!-- \/ Yoast SEO plugin. -->","yoast_head_json":{"title":"Maintenance - Domaine du Couvent - Philippe Cheron","robots":{"index":"index","follow":"follow","max-snippet":"max-snippet:-1","max-image-preview":"max-image-preview:large","max-video-preview":"max-video-preview:-1"},"canonical":"https:\/\/www.domaineducouvent.com\/index.php\/maintenance\/","og_locale":"fr_FR","og_type":"article","og_title":"Maintenance - Domaine du Couvent - Philippe Cheron","og_description":"Bienvenue sur le site du Domaine du Couvent &#8211; Philippe Ch\u00e9ron Site en cours de cr\u00e9ation&#8230; T\u00e9l\u00e9phone : 0380343030 Rendez vous en attendant sur Domaine des Varoilles","og_url":"https:\/\/www.domaineducouvent.com\/index.php\/maintenance\/","og_site_name":"Domaine du Couvent - Philippe Cheron","article_modified_time":"2024-11-29T22:58:46+00:00","og_image":[{"url":"https:\/\/www.domaineducouvent.com\/wp-content\/uploads\/brizy\/imgs\/LOGO-seul-1-e1627554168293-154x201x1x0x152x201x1627554168.jpg"}],"author":"admin5320","twitter_card":"summary_large_image","schema":{"@context":"https:\/\/schema.org","@graph":[{"@type":"WebSite","@id":"https:\/\/www.domaineducouvent.com\/#website","url":"https:\/\/www.domaineducouvent.com\/","name":"Domaine du Couvent - Philippe Cheron","description":"Vigneron au service des Climats","potentialAction":[{"@type":"SearchAction","target":{"@type":"EntryPoint","urlTemplate":"https:\/\/www.domaineducouvent.com\/?s={search_term_string}"},"query-input":"required name=search_term_string"}],"inLanguage":"fr-FR"},{"@type":"ImageObject","inLanguage":"fr-FR","@id":"https:\/\/www.domaineducouvent.com\/index.php\/maintenance\/#primaryimage","url":"https:\/\/www.domaineducouvent.com\/wp-content\/uploads\/brizy\/imgs\/LOGO-seul-1-e1627554168293-154x201x1x0x152x201x1627554168.jpg","contentUrl":"https:\/\/www.domaineducouvent.com\/wp-content\/uploads\/brizy\/imgs\/LOGO-seul-1-e1627554168293-154x201x1x0x152x201x1627554168.jpg"},{"@type":"WebPage","@id":"https:\/\/www.domaineducouvent.com\/index.php\/maintenance\/#webpage","url":"https:\/\/www.domaineducouvent.com\/index.php\/maintenance\/","name":"Maintenance - Domaine du Couvent - Philippe Cheron","isPartOf":{"@id":"https:\/\/www.domaineducouvent.com\/#website"},"primaryImageOfPage":{"@id":"https:\/\/www.domaineducouvent.com\/index.php\/maintenance\/#primaryimage"},"datePublished":"2021-07-29T15:12:38+00:00","dateModified":"2024-11-29T22:58:46+00:00","breadcrumb":{"@id":"https:\/\/www.domaineducouvent.com\/index.php\/maintenance\/#breadcrumb"},"inLanguage":"fr-FR","potentialAction":[{"@type":"ReadAction","target":["https:\/\/www.domaineducouvent.com\/index.php\/maintenance\/"]}]},{"@type":"BreadcrumbList","@id":"https:\/\/www.domaineducouvent.com\/index.php\/maintenance\/#breadcrumb","itemListElement":[{"@type":"ListItem","position":1,"name":"Accueil","item":"https:\/\/www.domaineducouvent.com\/"},{"@type":"ListItem","position":2,"name":"Maintenance"}]}]}},"uagb_featured_image_src":{"full":false,"thumbnail":false,"medium":false,"medium_large":false,"large":false,"1536x1536":false,"2048x2048":false},"uagb_author_info":{"display_name":"admin5320","author_link":"https:\/\/www.domaineducouvent.com\/index.php\/author\/admin5320\/"},"uagb_comment_info":0,"uagb_excerpt":"Bienvenue sur le site du Domaine du Couvent &#8211; Philippe Ch\u00e9ron Site en cours de cr\u00e9ation&#8230; T\u00e9l\u00e9phone : 0380343030 Rendez vous en attendant sur Domaine des Varoilles","_links":{"self":[{"href":"https:\/\/www.domaineducouvent.com\/index.php\/wp-json\/wp\/v2\/pages\/835"}],"collection":[{"href":"https:\/\/www.domaineducouvent.com\/index.php\/wp-json\/wp\/v2\/pages"}],"about":[{"href":"https:\/\/www.domaineducouvent.com\/index.php\/wp-json\/wp\/v2\/types\/page"}],"author":[{"embeddable":true,"href":"https:\/\/www.domaineducouvent.com\/index.php\/wp-json\/wp\/v2\/users\/1"}],"replies":[{"embeddable":true,"href":"https:\/\/www.domaineducouvent.com\/index.php\/wp-json\/wp\/v2\/comments?post=835"}],"version-history":[{"count":5,"href":"https:\/\/www.domaineducouvent.com\/index.php\/wp-json\/wp\/v2\/pages\/835\/revisions"}],"predecessor-version":[{"id":844,"href":"https:\/\/www.domaineducouvent.com\/index.php\/wp-json\/wp\/v2\/pages\/835\/revisions\/844"}],"wp:attachment":[{"href":"https:\/\/www.domaineducouvent.com\/index.php\/wp-json\/wp\/v2\/media?parent=835"}],"curies":[{"name":"wp","href":"https:\/\/api.w.org\/{rel}","templated":true}]}}