{"id":2070,"date":"2023-04-21T10:14:41","date_gmt":"2023-04-21T08:14:41","guid":{"rendered":"https:\/\/www.domaineducouvent.com\/?page_id=2070"},"modified":"2025-11-14T11:26:16","modified_gmt":"2025-11-14T10:26:16","slug":"marsannay-clos-du-roy-2","status":"publish","type":"page","link":"https:\/\/www.domaineducouvent.com\/index.php\/marsannay-clos-du-roy-2\/","title":{"rendered":"Brizy #2070"},"content":{"rendered":"<div class=\"brz-root__container brz-reset-all\">\n<section data-uid=\"oxywpzqelrllnmzcwmofkpvjrgdrfezshmwh\" id=\"oxywpzqelrllnmzcwmofkpvjrgdrfezshmwh\" class=\"brz-section brz-css-rjhwr\">\n<div class=\"brz-section__content brz-section--boxed brz-css-rpths brz-css-cuvyq\" data-custom-id=\"tjlkozgvhtcoayovfiznsvxqrzsnmorhitcj\">\n<div class=\"brz-bg\">\n<div class=\"brz-bg-image\"><\/div>\n<div class=\"brz-bg-color\"><\/div>\n<\/div>\n<div class=\"brz-container brz-css-tzgem\">\n<div class=\"brz-row__container brz-css-qmewq\" data-custom-id=\"dofnzywcahvmxquwcvsftienzrkwabjygvdk\">\n<div class=\"brz-row brz-css-umbvh brz-css-zoqcy\">\n<div class=\"brz-columns brz-css-zddua brz-css-yrbrn\" data-custom-id=\"dqfgrexrngvukfitipyztczqxunxwcbqdhea\">\n<div class=\"brz-bg\">\n<div class=\"brz-bg-color\"><\/div>\n<\/div>\n<div class=\"brz-column__items brz-css-trtzb\">\n<div class=\"brz-css-pmxnv brz-wrapper\">\n<div class=\"brz-rich-text brz-rich-text__custom brz-css-eqzfy\" data-custom-id=\"gxvvaoaxqfkfstlujldxmvgnpnqqnzrlthty\">\n<div>\n<p class=\"brz-css-nufgr\" data-generated-css=\"brz-css-mrtme\" data-uniq-id=\"isbtw\"><em class=\"brz-cp-color8\">MARSANNAY-CLOS DU ROY<\/em><\/p>\n<\/div>\n<\/div>\n<\/div>\n<\/div>\n<\/div>\n<\/div>\n<\/div>\n<div class=\"brz-row__container brz-css-qmewq\" data-custom-id=\"tqiaqbsbwrttpnfzqwpwgdvapcfqgvfraldy\">\n<div class=\"brz-row brz-css-umbvh brz-css-zoqcy\">\n<div class=\"brz-columns brz-css-zddua brz-css-bgwsj\" data-custom-id=\"yhhovnfefxlfopkowqaekvrfwixvagveitfh\">\n<div class=\"brz-column__items brz-css-trtzb\">\n<div class=\"brz-css-pmxnv brz-wrapper\">\n<div class=\"brz-line brz-line-default brz-css-ayoay brz-css-wnywm\" data-custom-id=\"sysdwzfbzqxhecivvcahowxsfyibeeqccsiz\">\n<hr class=\"brz-hr\" \/><\/div>\n<\/div>\n<\/div>\n<\/div>\n<\/div>\n<\/div>\n<div class=\"brz-row__container brz-css-qmewq\" data-custom-id=\"ndafyzidwuuxzioeeyivnvebbsdonhulnhyq\">\n<div class=\"brz-row brz-css-umbvh brz-css-zoqcy\">\n<div data-iteration-count=\"1\" class=\"brz-columns brz-css-zddua brz-css-yyxuc brz-animated brz-css-kjlco brz-css-kiqkf\" data-custom-id=\"duvcmobsrqyhorgqscezaivpubrqvhvpoxcy\">\n<div class=\"brz-column__items brz-css-trtzb\">\n<div class=\"brz-css-pmxnv brz-wrapper\">\n<div class=\"brz-image brz-css-jrpbe\"><picture class=\"brz-picture brz-d-block brz-p-relative brz-css-nesmo\" data-custom-id=\"hveuoekdzujtlbobfyzdarpxwbfwxtbftsoq\"><source srcset=\"https:\/\/www.domaineducouvent.com\/wp-content\/uploads\/brizy\/imgs\/CLOS-DU-ROY-scaled-521x781x0x78x521x688x1681977500.jpg 1x, https:\/\/www.domaineducouvent.com\/wp-content\/uploads\/brizy\/imgs\/CLOS-DU-ROY-scaled-1042x1562x0x156x1042x1376x1681977500.jpg 2x\" media=\"(min-width: 992px)\" \/><source srcset=\"https:\/\/www.domaineducouvent.com\/wp-content\/uploads\/brizy\/imgs\/CLOS-DU-ROY-scaled-332x498x0x49x332x439x1681977500.jpg 1x, https:\/\/www.domaineducouvent.com\/wp-content\/uploads\/brizy\/imgs\/CLOS-DU-ROY-scaled-664x996x0x98x664x878x1681977500.jpg 2x\" media=\"(min-width: 768px)\" \/><img class=\"brz-img\" srcset=\"https:\/\/www.domaineducouvent.com\/wp-content\/uploads\/brizy\/imgs\/CLOS-DU-ROY-scaled-409x613x0x61x409x540x1681977500.jpg 1x, https:\/\/www.domaineducouvent.com\/wp-content\/uploads\/brizy\/imgs\/CLOS-DU-ROY-scaled-818x1226x0x122x818x1080x1681977500.jpg 2x\" src=\"https:\/\/www.domaineducouvent.com\/wp-content\/uploads\/brizy\/imgs\/CLOS-DU-ROY-scaled-521x781x0x78x521x688x1681977500.jpg\" alt=\"\" draggable=\"false\" loading=\"lazy\" \/><\/picture><\/div>\n<\/div>\n<\/div>\n<\/div>\n<div data-iteration-count=\"1\" class=\"brz-columns brz-css-zddua brz-css-hoveb brz-animated brz-css-gbsny brz-css-lecju\" data-custom-id=\"mpgsamhpmwlpsuhhtdpyoxmytckrrignxhcb\">\n<div class=\"brz-bg\">\n<div class=\"brz-bg-color\"><\/div>\n<\/div>\n<div class=\"brz-column__items brz-css-trtzb\">\n<div class=\"brz-row__container brz-css-qmewq\" data-custom-id=\"tfmdxlksnenunueyborhxnyhrlexozkvpotw\">\n<div class=\"brz-row brz-row--inner brz-css-umbvh\">\n<div class=\"brz-columns brz-css-zddua brz-css-cvjpq\" data-custom-id=\"brlvjppundqmufiotcxixeuxbzqmdmiscezl\">\n<div class=\"brz-column__items brz-css-trtzb\">\n<div class=\"brz-css-pmxnv brz-wrapper\">\n<div class=\"brz-rich-text brz-rich-text__custom brz-css-eqzfy\" data-custom-id=\"ynaklxzbmtkrbkpfjjxnukwulbhhguxnlqtq\">\n<div>\n<p class=\"brz-css-avwxo\" data-generated-css=\"brz-css-ltjop\" data-uniq-id=\"kkied\"><span class=\"brz-cp-color8\"> <\/span><\/p>\n<p class=\"brz-css-tlbco\" data-generated-css=\"brz-css-ltjop\" data-uniq-id=\"kkied\"><span class=\"brz-cp-color8\"> <\/span><\/p>\n<p class=\"brz-css-zwarx\" data-generated-css=\"brz-css-ltjop\" data-uniq-id=\"kkied\"><span class=\"brz-cp-color8\"> <\/span><\/p>\n<p class=\"brz-css-msrwb\" data-generated-css=\"brz-css-ltjop\" data-uniq-id=\"kkied\"><span class=\"brz-cp-color8\"> <\/span><\/p>\n<p class=\"brz-css-genlt\" data-generated-css=\"brz-css-ltjop\" data-uniq-id=\"kkied\"><span class=\"brz-cp-color8\"> Le Clos du Roy, fait partie des climats les plus r\u00e9put\u00e9s de Marsannay, situ\u00e9 au nord de l\u2019appellation en haut du versant entre les altitudes 268 et 312 m\u00e8tres ce climat de 25,2 ha fut cultiv\u00e9 d\u00e8s le 13<\/span><sup class=\"brz-cp-color8\">\u00e8me<\/sup><span class=\"brz-cp-color8\"> si\u00e8cle par les ducs de bourgogne qui ont construit leur pressoir non loin dans le village de Chenove. <\/span><\/p>\n<p class=\"brz-css-rnewp\" data-generated-css=\"brz-css-zdqql\" data-uniq-id=\"fzeuq\"><span class=\"brz-cp-color8\">La parcelle acquise 2021 par le domaine est d\u2019une surface de 42 ares se constitue en deux blocs expos\u00e9s \u00e0 l\u2019est. Un premier bloc qui repr\u00e9sente environ\u00a01\/4 de la surface se trouve dans la partie basse du climat ou la pente est faible, les sols napp\u00e9 d\u2019un substrat de marnes tr\u00e8s pauvres et de mat\u00e9riaux alluvionnaires d\u00e9lest\u00e9s par l\u2019ancien lit de l\u2019Ouche. Et un deuxi\u00e8me bloc composant 3\/4 de notre surface se trouvant dans la partie haute, ou la pente important (+-13%), associ\u00e9 au sol de gr\u00e8ze lit\u00e9e. <\/span><\/p>\n<p class=\"brz-css-nwsdy\" data-generated-css=\"brz-css-xfzxl\" data-uniq-id=\"xxzkk\"><span class=\"brz-cp-color8\">Apr\u00e8s un tri s\u00e9lectif \u00e0 la vigne puis en cuverie les raisins sont encuv\u00e9es en g\u00e9n\u00e9ral 100% egrapp\u00e9s, puis suivent leur fermentation alcoolique de mani\u00e8res spontan\u00e9es, l\u2019extraction lente et douce pendant les longues cuvaisons d\u2019environ 25 jours permettent d\u2019extraire un fruit fin, une structure d\u00e9licate et des vins d\u2019une grande \u00e9l\u00e9gance. La fermentation malolactique et l\u2019\u00e9levage sont fait au sein de barrique bourguignonne qui on connut au moins 1 vin et qui poss\u00e8de une chauffe faible.<\/span><\/p>\n<p class=\"brz-css-boltr\" data-generated-css=\"brz-css-mublu\" data-uniq-id=\"etmrn\"><\/p>\n<\/div>\n<\/div>\n<\/div>\n<\/div>\n<\/div>\n<\/div>\n<\/div>\n<\/div>\n<\/div>\n<\/div>\n<\/div>\n<\/div>\n<\/div>\n<\/section>\n<section data-uid=\"yzotfggqgjfnujutwspejqmbthtaokwtjiyq\" id=\"yzotfggqgjfnujutwspejqmbthtaokwtjiyq\" class=\"brz-section brz-css-rjhwr\">\n<div class=\"brz-section__content brz-section--boxed brz-css-rpths brz-css-zvefc\" data-custom-id=\"pdwtnetdhcfsbinbstcwvwrclodfkzttglrd\">\n<div class=\"brz-bg\">\n<div class=\"brz-bg-color\"><\/div>\n<\/div>\n<div class=\"brz-container brz-css-tzgem\">\n<div class=\"brz-row__container brz-css-qmewq\" data-custom-id=\"guhepfzhgbnfhmngchlzjcuybnvxmxgjzwep\">\n<div class=\"brz-row brz-css-umbvh brz-css-zoqcy\">\n<div class=\"brz-columns brz-css-zddua brz-css-dxtag\" data-custom-id=\"tcdhjzcfgsdvebirfcvubiwvgndmqkmhjqew\">\n<div class=\"brz-column__items brz-css-trtzb\">\n<div class=\"brz-css-pmxnv brz-wrapper\">\n<div class=\"brz-rich-text brz-rich-text__custom brz-css-eqzfy\" data-custom-id=\"cmuxwcqptibttgahlzrrfxdajgzzkpjtzjlm\">\n<div>\n<p class=\"brz-css-teans\" data-generated-css=\"brz-css-avdat\" data-uniq-id=\"iklxm\"><span class=\"brz-cp-color8\" style=\"opacity: 1;\">Domaine du Couvent<\/span><\/p>\n<p class=\"brz-css-elast\" data-generated-css=\"brz-css-shpay\" data-uniq-id=\"lquyu\"><span class=\"brz-cp-color8\" style=\"opacity: 1;\">7 rue de la croix des champs <\/span><\/p>\n<p class=\"brz-css-qeeye\" data-generated-css=\"brz-css-hkwuf\" data-uniq-id=\"fuofd\"><span class=\"brz-cp-color8\" style=\"opacity: 1;\">21220 Gevrey Chambertin <\/span><\/p>\n<\/div>\n<\/div>\n<\/div>\n<\/div>\n<\/div>\n<div class=\"brz-columns brz-css-zddua brz-css-cfapx\" data-custom-id=\"vskonkhdckjjizmahobifpefhkqwvdmkvahf\">\n<div class=\"brz-column__items brz-css-trtzb\">\n<div class=\"brz-css-pmxnv brz-wrapper\">\n<div class=\"brz-image brz-css-fxqnf\"><picture class=\"brz-picture brz-d-block brz-p-relative brz-css-anlwd\" data-custom-id=\"ecytyutphwvdmhszwvgvuwkzhrudwytwxqrh\"><source srcset=\"https:\/\/www.domaineducouvent.com\/wp-content\/uploads\/brizy\/imgs\/LOGO-COUVENT-BLANC-75x93x3x0x68x93x1627983768.png 1x, https:\/\/www.domaineducouvent.com\/wp-content\/uploads\/brizy\/imgs\/LOGO-COUVENT-BLANC-150x186x6x0x136x186x1627983768.png 2x\" media=\"(min-width: 992px)\" \/><source srcset=\"https:\/\/www.domaineducouvent.com\/wp-content\/uploads\/brizy\/imgs\/LOGO-COUVENT-BLANC-100x124x8x0x84x124x1627983768.png 1x, https:\/\/www.domaineducouvent.com\/wp-content\/uploads\/brizy\/imgs\/LOGO-COUVENT-BLANC-200x248x16x0x168x248x1627983768.png 2x\" media=\"(min-width: 768px)\" \/><img class=\"brz-img\" srcset=\"https:\/\/www.domaineducouvent.com\/wp-content\/uploads\/brizy\/imgs\/LOGO-COUVENT-BLANC-68x84x6x0x56x84x1627983768.png 1x, https:\/\/www.domaineducouvent.com\/wp-content\/uploads\/brizy\/imgs\/LOGO-COUVENT-BLANC-136x168x12x0x112x168x1627983768.png 2x\" src=\"https:\/\/www.domaineducouvent.com\/wp-content\/uploads\/brizy\/imgs\/LOGO-COUVENT-BLANC-75x93x3x0x68x93x1627983768.png\" alt=\"\" draggable=\"false\" loading=\"lazy\" \/><\/picture><\/div>\n<\/div>\n<\/div>\n<\/div>\n<div class=\"brz-columns brz-css-zddua brz-css-gwxot\" data-custom-id=\"dtybabkjdkfjzsegnjbkvfzupnxduirkhxle\">\n<div class=\"brz-column__items brz-css-trtzb\">\n<div class=\"brz-css-pmxnv brz-wrapper\">\n<div class=\"brz-rich-text brz-rich-text__custom brz-css-eqzfy\" data-custom-id=\"fkmlalnjwwuwyethsxmgjniwgwuclfvaacky\">\n<div>\n<p class=\"brz-css-rhfys\" data-uniq-id=\"ighdj\" data-generated-css=\"brz-css-qryym\"><span class=\"brz-cp-color8\">Philippe Ch\u00e9ron<\/span><\/p>\n<p class=\"brz-css-fyadm\" data-uniq-id=\"wvwcw\" data-generated-css=\"brz-css-cpebf\"><span class=\"brz-cp-color8\">03 80 34 30 30 <\/span><\/p>\n<\/div>\n<\/div>\n<\/div>\n<div class=\"brz-wrapper-clone brz-css-dqimk\">\n<div class=\"brz-d-xs-flex brz-flex-xs-wrap brz-css-jzyrk brz-css-rmorz\">\n<div class=\"brz-wrapper-clone__item brz-css-ywmaj brz-css-xxoaw\" id=\"vujqtgxvtvrtqprriwflasgzcbkmnervmxsj\">\n<div id class=\"brz-icon__container\" data-custom-id=\"vujqtgxvtvrtqprriwflasgzcbkmnervmxsj\"><a class=\"brz-a\" href=\"https:\/\/www.facebook.com\/profile.php?id=100071013171661\" data-brz-link-type=\"external\" id><span class=\"brz-span brz-icon css-16ajnmp\"><svg version=\"1.1\" xmlns=\"http:\/\/www.w3.org\/2000\/svg\" xmlns:xlink=\"http:\/\/www.w3.org\/1999\/xlink\" x=\"0px\" y=\"0px\" viewbox=\"0 0 24 24\" xml:space=\"preserve\" class=\"brz-icon-svg\" data-type=\"glyph\" data-name=\"logo-facebook\"><g class=\"nc-icon-wrapper\" fill=\"currentColor\"><path fill=\"currentColor\" d=\"M22,0H2C0.895,0,0,0.895,0,2v20c0,1.105,0.895,2,2,2h11v-9h-3v-4h3V8.413c0-3.1,1.893-4.788,4.659-4.788 c1.325,0,2.463,0.099,2.795,0.143v3.24l-1.918,0.001c-1.504,0-1.795,0.715-1.795,1.763V11h4.44l-1,4h-3.44v9H22c1.105,0,2-0.895,2-2 V2C24,0.895,23.105,0,22,0z\" \/><\/g><\/svg><\/span><\/a><\/div>\n<\/div>\n<div class=\"brz-wrapper-clone__item brz-css-ywmaj brz-css-xxoaw\" id=\"ehezdzqiqsednzzmieneiwfpgpmlanqxexpg\">\n<div id class=\"brz-icon__container\" data-custom-id=\"ehezdzqiqsednzzmieneiwfpgpmlanqxexpg\"><a class=\"brz-a\" href=\"https:\/\/www.linkedin.com\/company\/domaine-du-couvent-philippe-cheron\/\" data-brz-link-type=\"external\" id><span class=\"brz-span brz-icon css-1flr95o\"><svg version=\"1.1\" xmlns=\"http:\/\/www.w3.org\/2000\/svg\" xmlns:xlink=\"http:\/\/www.w3.org\/1999\/xlink\" x=\"0px\" y=\"0px\" viewbox=\"0 0 24 24\" xml:space=\"preserve\" class=\"brz-icon-svg\" data-type=\"glyph\" data-name=\"logo-linkedin\"><g class=\"nc-icon-wrapper\" fill=\"currentColor\"><path fill=\"currentColor\" d=\"M23,0H1C0.4,0,0,0.4,0,1v22c0,0.6,0.4,1,1,1h22c0.6,0,1-0.4,1-1V1C24,0.4,23.6,0,23,0z M7.1,20.5H3.6V9h3.6 V20.5z M5.3,7.4c-1.1,0-2.1-0.9-2.1-2.1c0-1.1,0.9-2.1,2.1-2.1c1.1,0,2.1,0.9,2.1,2.1C7.4,6.5,6.5,7.4,5.3,7.4z M20.5,20.5h-3.6 v-5.6c0-1.3,0-3-1.8-3c-1.9,0-2.1,1.4-2.1,2.9v5.7H9.4V9h3.4v1.6h0c0.5-0.9,1.6-1.8,3.4-1.8c3.6,0,4.3,2.4,4.3,5.5V20.5z\" \/><\/g><\/svg><\/span><\/a><\/div>\n<\/div>\n<div class=\"brz-wrapper-clone__item brz-css-ywmaj brz-css-xxoaw\" id=\"mmyqaycjbdhfngmjywtiskmmbxpysmfbrjdz\">\n<div id class=\"brz-icon__container\" data-custom-id=\"mmyqaycjbdhfngmjywtiskmmbxpysmfbrjdz\"><a class=\"brz-a\" href=\"https:\/\/www.instagram.com\/domainecouvent\/\" data-brz-link-type=\"external\" id><span class=\"brz-span brz-icon css-1flr95o\"><svg version=\"1.1\" xmlns=\"http:\/\/www.w3.org\/2000\/svg\" xmlns:xlink=\"http:\/\/www.w3.org\/1999\/xlink\" x=\"0px\" y=\"0px\" viewbox=\"0 0 24 24\" xml:space=\"preserve\" class=\"brz-icon-svg\" data-type=\"glyph\" data-name=\"logo-instagram\"><g class=\"nc-icon-wrapper\" fill=\"currentColor\"><path fill=\"currentColor\" d=\"M12,2.162c3.204,0,3.584,0.012,4.849,0.07c1.366,0.062,2.633,0.336,3.608,1.311 c0.975,0.975,1.249,2.242,1.311,3.608c0.058,1.265,0.07,1.645,0.07,4.849s-0.012,3.584-0.07,4.849 c-0.062,1.366-0.336,2.633-1.311,3.608c-0.975,0.975-2.242,1.249-3.608,1.311c-1.265,0.058-1.645,0.07-4.849,0.07 s-3.584-0.012-4.849-0.07c-1.366-0.062-2.633-0.336-3.608-1.311c-0.975-0.975-1.249-2.242-1.311-3.608 c-0.058-1.265-0.07-1.645-0.07-4.849s0.012-3.584,0.07-4.849c0.062-1.366,0.336-2.633,1.311-3.608 c0.975-0.975,2.242-1.249,3.608-1.311C8.416,2.174,8.796,2.162,12,2.162 M12,0C8.741,0,8.332,0.014,7.052,0.072 c-1.95,0.089-3.663,0.567-5.038,1.942C0.639,3.389,0.161,5.102,0.072,7.052C0.014,8.332,0,8.741,0,12 c0,3.259,0.014,3.668,0.072,4.948c0.089,1.95,0.567,3.663,1.942,5.038c1.375,1.375,3.088,1.853,5.038,1.942 C8.332,23.986,8.741,24,12,24s3.668-0.014,4.948-0.072c1.95-0.089,3.663-0.567,5.038-1.942c1.375-1.375,1.853-3.088,1.942-5.038 C23.986,15.668,24,15.259,24,12s-0.014-3.668-0.072-4.948c-0.089-1.95-0.567-3.663-1.942-5.038 c-1.375-1.375-3.088-1.853-5.038-1.942C15.668,0.014,15.259,0,12,0L12,0z\" \/> <path data-color=\"color-2\" fill=\"currentColor\" d=\"M12,5.838c-3.403,0-6.162,2.759-6.162,6.162S8.597,18.162,12,18.162s6.162-2.759,6.162-6.162 S15.403,5.838,12,5.838z M12,16c-2.209,0-4-1.791-4-4s1.791-4,4-4s4,1.791,4,4S14.209,16,12,16z\" \/> <circle data-color=\"color-2\" fill=\"currentColor\" cx=\"18.406\" cy=\"5.594\" r=\"1.44\" \/><\/g><\/svg><\/span><\/a><\/div>\n<\/div>\n<\/div>\n<\/div>\n<\/div>\n<\/div>\n<\/div>\n<\/div>\n<\/div>\n<\/div>\n<\/section>\n<\/div>\n<p><!-- version:1763115976 --><\/p>\n","protected":false},"excerpt":{"rendered":"<p>MARSANNAY-CLOS DU ROY Le Clos du Roy, fait partie des climats les plus r\u00e9put\u00e9s de Marsannay, situ\u00e9 au nord de l\u2019appellation en haut du versant entre les altitudes 268 et 312 m\u00e8tres ce climat de 25,2 ha fut cultiv\u00e9 d\u00e8s le 13\u00e8me si\u00e8cle par les ducs de bourgogne qui ont construit leur pressoir non loin &hellip;<\/p>\n<p class=\"read-more\"> <a class=\"\" href=\"https:\/\/www.domaineducouvent.com\/index.php\/marsannay-clos-du-roy-2\/\"> <span class=\"screen-reader-text\">Brizy #2070<\/span> Lire la suite \u00bb<\/a><\/p>\n","protected":false},"author":1,"featured_media":0,"parent":0,"menu_order":0,"comment_status":"closed","ping_status":"closed","template":"brizy-blank-template.php","meta":[],"yoast_head":"<!-- This site is optimized with the Yoast SEO plugin v19.2 - https:\/\/yoast.com\/wordpress\/plugins\/seo\/ -->\n<title>Brizy #2070 - Domaine du Couvent - Philippe Cheron<\/title>\n<meta name=\"robots\" content=\"index, follow, max-snippet:-1, max-image-preview:large, max-video-preview:-1\" \/>\n<link rel=\"canonical\" href=\"https:\/\/www.domaineducouvent.com\/index.php\/marsannay-clos-du-roy-2\/\" \/>\n<meta property=\"og:locale\" content=\"fr_FR\" \/>\n<meta property=\"og:type\" content=\"article\" \/>\n<meta property=\"og:title\" content=\"Brizy #2070 - Domaine du Couvent - Philippe Cheron\" \/>\n<meta property=\"og:description\" content=\"MARSANNAY-CLOS DU ROY Le Clos du Roy, fait partie des climats les plus r\u00e9put\u00e9s de Marsannay, situ\u00e9 au nord de l\u2019appellation en haut du versant entre les altitudes 268 et 312 m\u00e8tres ce climat de 25,2 ha fut cultiv\u00e9 d\u00e8s le 13\u00e8me si\u00e8cle par les ducs de bourgogne qui ont construit leur pressoir non loin &hellip; Brizy #2070 Lire la suite \u00bb\" \/>\n<meta property=\"og:url\" content=\"https:\/\/www.domaineducouvent.com\/index.php\/marsannay-clos-du-roy-2\/\" \/>\n<meta property=\"og:site_name\" content=\"Domaine du Couvent - Philippe Cheron\" \/>\n<meta property=\"article:modified_time\" content=\"2025-11-14T10:26:16+00:00\" \/>\n<meta property=\"og:image\" content=\"https:\/\/www.domaineducouvent.com\/wp-content\/uploads\/brizy\/imgs\/CLOS-DU-ROY-scaled-521x781x0x78x521x688x1681977500.jpg\" \/>\n<meta name=\"author\" content=\"admin5320\" \/>\n<meta name=\"twitter:card\" content=\"summary_large_image\" \/>\n<meta name=\"twitter:label1\" content=\"Dur\u00e9e de lecture estim\u00e9e\" \/>\n\t<meta name=\"twitter:data1\" content=\"2 minutes\" \/>\n<script type=\"application\/ld+json\" class=\"yoast-schema-graph\">{\"@context\":\"https:\/\/schema.org\",\"@graph\":[{\"@type\":\"WebSite\",\"@id\":\"https:\/\/www.domaineducouvent.com\/#website\",\"url\":\"https:\/\/www.domaineducouvent.com\/\",\"name\":\"Domaine du Couvent - Philippe Cheron\",\"description\":\"Vigneron au service des Climats\",\"potentialAction\":[{\"@type\":\"SearchAction\",\"target\":{\"@type\":\"EntryPoint\",\"urlTemplate\":\"https:\/\/www.domaineducouvent.com\/?s={search_term_string}\"},\"query-input\":\"required name=search_term_string\"}],\"inLanguage\":\"fr-FR\"},{\"@type\":\"ImageObject\",\"inLanguage\":\"fr-FR\",\"@id\":\"https:\/\/www.domaineducouvent.com\/index.php\/marsannay-clos-du-roy-2\/#primaryimage\",\"url\":\"https:\/\/www.domaineducouvent.com\/wp-content\/uploads\/brizy\/imgs\/CLOS-DU-ROY-scaled-521x781x0x78x521x688x1681977500.jpg\",\"contentUrl\":\"https:\/\/www.domaineducouvent.com\/wp-content\/uploads\/brizy\/imgs\/CLOS-DU-ROY-scaled-521x781x0x78x521x688x1681977500.jpg\"},{\"@type\":\"WebPage\",\"@id\":\"https:\/\/www.domaineducouvent.com\/index.php\/marsannay-clos-du-roy-2\/#webpage\",\"url\":\"https:\/\/www.domaineducouvent.com\/index.php\/marsannay-clos-du-roy-2\/\",\"name\":\"Brizy #2070 - Domaine du Couvent - Philippe Cheron\",\"isPartOf\":{\"@id\":\"https:\/\/www.domaineducouvent.com\/#website\"},\"primaryImageOfPage\":{\"@id\":\"https:\/\/www.domaineducouvent.com\/index.php\/marsannay-clos-du-roy-2\/#primaryimage\"},\"datePublished\":\"2023-04-21T08:14:41+00:00\",\"dateModified\":\"2025-11-14T10:26:16+00:00\",\"breadcrumb\":{\"@id\":\"https:\/\/www.domaineducouvent.com\/index.php\/marsannay-clos-du-roy-2\/#breadcrumb\"},\"inLanguage\":\"fr-FR\",\"potentialAction\":[{\"@type\":\"ReadAction\",\"target\":[\"https:\/\/www.domaineducouvent.com\/index.php\/marsannay-clos-du-roy-2\/\"]}]},{\"@type\":\"BreadcrumbList\",\"@id\":\"https:\/\/www.domaineducouvent.com\/index.php\/marsannay-clos-du-roy-2\/#breadcrumb\",\"itemListElement\":[{\"@type\":\"ListItem\",\"position\":1,\"name\":\"Accueil\",\"item\":\"https:\/\/www.domaineducouvent.com\/\"},{\"@type\":\"ListItem\",\"position\":2,\"name\":\"Brizy #2070\"}]}]}<\/script>\n<!-- \/ Yoast SEO plugin. -->","yoast_head_json":{"title":"Brizy #2070 - Domaine du Couvent - Philippe Cheron","robots":{"index":"index","follow":"follow","max-snippet":"max-snippet:-1","max-image-preview":"max-image-preview:large","max-video-preview":"max-video-preview:-1"},"canonical":"https:\/\/www.domaineducouvent.com\/index.php\/marsannay-clos-du-roy-2\/","og_locale":"fr_FR","og_type":"article","og_title":"Brizy #2070 - Domaine du Couvent - Philippe Cheron","og_description":"MARSANNAY-CLOS DU ROY Le Clos du Roy, fait partie des climats les plus r\u00e9put\u00e9s de Marsannay, situ\u00e9 au nord de l\u2019appellation en haut du versant entre les altitudes 268 et 312 m\u00e8tres ce climat de 25,2 ha fut cultiv\u00e9 d\u00e8s le 13\u00e8me si\u00e8cle par les ducs de bourgogne qui ont construit leur pressoir non loin &hellip; Brizy #2070 Lire la suite \u00bb","og_url":"https:\/\/www.domaineducouvent.com\/index.php\/marsannay-clos-du-roy-2\/","og_site_name":"Domaine du Couvent - Philippe Cheron","article_modified_time":"2025-11-14T10:26:16+00:00","og_image":[{"url":"https:\/\/www.domaineducouvent.com\/wp-content\/uploads\/brizy\/imgs\/CLOS-DU-ROY-scaled-521x781x0x78x521x688x1681977500.jpg"}],"author":"admin5320","twitter_card":"summary_large_image","twitter_misc":{"Dur\u00e9e de lecture estim\u00e9e":"2 minutes"},"schema":{"@context":"https:\/\/schema.org","@graph":[{"@type":"WebSite","@id":"https:\/\/www.domaineducouvent.com\/#website","url":"https:\/\/www.domaineducouvent.com\/","name":"Domaine du Couvent - Philippe Cheron","description":"Vigneron au service des Climats","potentialAction":[{"@type":"SearchAction","target":{"@type":"EntryPoint","urlTemplate":"https:\/\/www.domaineducouvent.com\/?s={search_term_string}"},"query-input":"required name=search_term_string"}],"inLanguage":"fr-FR"},{"@type":"ImageObject","inLanguage":"fr-FR","@id":"https:\/\/www.domaineducouvent.com\/index.php\/marsannay-clos-du-roy-2\/#primaryimage","url":"https:\/\/www.domaineducouvent.com\/wp-content\/uploads\/brizy\/imgs\/CLOS-DU-ROY-scaled-521x781x0x78x521x688x1681977500.jpg","contentUrl":"https:\/\/www.domaineducouvent.com\/wp-content\/uploads\/brizy\/imgs\/CLOS-DU-ROY-scaled-521x781x0x78x521x688x1681977500.jpg"},{"@type":"WebPage","@id":"https:\/\/www.domaineducouvent.com\/index.php\/marsannay-clos-du-roy-2\/#webpage","url":"https:\/\/www.domaineducouvent.com\/index.php\/marsannay-clos-du-roy-2\/","name":"Brizy #2070 - Domaine du Couvent - Philippe Cheron","isPartOf":{"@id":"https:\/\/www.domaineducouvent.com\/#website"},"primaryImageOfPage":{"@id":"https:\/\/www.domaineducouvent.com\/index.php\/marsannay-clos-du-roy-2\/#primaryimage"},"datePublished":"2023-04-21T08:14:41+00:00","dateModified":"2025-11-14T10:26:16+00:00","breadcrumb":{"@id":"https:\/\/www.domaineducouvent.com\/index.php\/marsannay-clos-du-roy-2\/#breadcrumb"},"inLanguage":"fr-FR","potentialAction":[{"@type":"ReadAction","target":["https:\/\/www.domaineducouvent.com\/index.php\/marsannay-clos-du-roy-2\/"]}]},{"@type":"BreadcrumbList","@id":"https:\/\/www.domaineducouvent.com\/index.php\/marsannay-clos-du-roy-2\/#breadcrumb","itemListElement":[{"@type":"ListItem","position":1,"name":"Accueil","item":"https:\/\/www.domaineducouvent.com\/"},{"@type":"ListItem","position":2,"name":"Brizy #2070"}]}]}},"uagb_featured_image_src":{"full":false,"thumbnail":false,"medium":false,"medium_large":false,"large":false,"1536x1536":false,"2048x2048":false},"uagb_author_info":{"display_name":"admin5320","author_link":"https:\/\/www.domaineducouvent.com\/index.php\/author\/admin5320\/"},"uagb_comment_info":0,"uagb_excerpt":"MARSANNAY-CLOS DU ROY Le Clos du Roy, fait partie des climats les plus r\u00e9put\u00e9s de Marsannay, situ\u00e9 au nord de l\u2019appellation en haut du versant entre les altitudes 268 et 312 m\u00e8tres ce climat de 25,2 ha fut cultiv\u00e9 d\u00e8s le 13\u00e8me si\u00e8cle par les ducs de bourgogne qui ont construit leur pressoir non loin\u2026","_links":{"self":[{"href":"https:\/\/www.domaineducouvent.com\/index.php\/wp-json\/wp\/v2\/pages\/2070"}],"collection":[{"href":"https:\/\/www.domaineducouvent.com\/index.php\/wp-json\/wp\/v2\/pages"}],"about":[{"href":"https:\/\/www.domaineducouvent.com\/index.php\/wp-json\/wp\/v2\/types\/page"}],"author":[{"embeddable":true,"href":"https:\/\/www.domaineducouvent.com\/index.php\/wp-json\/wp\/v2\/users\/1"}],"replies":[{"embeddable":true,"href":"https:\/\/www.domaineducouvent.com\/index.php\/wp-json\/wp\/v2\/comments?post=2070"}],"version-history":[{"count":12,"href":"https:\/\/www.domaineducouvent.com\/index.php\/wp-json\/wp\/v2\/pages\/2070\/revisions"}],"predecessor-version":[{"id":2381,"href":"https:\/\/www.domaineducouvent.com\/index.php\/wp-json\/wp\/v2\/pages\/2070\/revisions\/2381"}],"wp:attachment":[{"href":"https:\/\/www.domaineducouvent.com\/index.php\/wp-json\/wp\/v2\/media?parent=2070"}],"curies":[{"name":"wp","href":"https:\/\/api.w.org\/{rel}","templated":true}]}}