{"id":2060,"date":"2023-04-21T09:48:32","date_gmt":"2023-04-21T07:48:32","guid":{"rendered":"https:\/\/www.domaineducouvent.com\/?page_id=2060"},"modified":"2025-11-14T11:23:41","modified_gmt":"2025-11-14T10:23:41","slug":"marsannay-longeroies","status":"publish","type":"page","link":"https:\/\/www.domaineducouvent.com\/index.php\/marsannay-longeroies\/","title":{"rendered":"Brizy #2060"},"content":{"rendered":"<div class=\"brz-root__container brz-reset-all\">\n<section data-uid=\"pgxiwemmqruebxmwrpxswqzsytcsseeplqam\" id=\"pgxiwemmqruebxmwrpxswqzsytcsseeplqam\" class=\"brz-section brz-css-hgwnh\">\n<div class=\"brz-section__content brz-section--boxed brz-css-oirvd brz-css-dhbns\" data-custom-id=\"dtpsxnysyumfesvvnukrfrwrvkqurrghlymd\">\n<div class=\"brz-bg\">\n<div class=\"brz-bg-image\"><\/div>\n<div class=\"brz-bg-color\"><\/div>\n<\/div>\n<div class=\"brz-container brz-css-msqay\">\n<div class=\"brz-row__container brz-css-hweka\" data-custom-id=\"pfcsfwcdwkxeklbtadwektfekaqkkqgigfif\">\n<div class=\"brz-row brz-css-wwawg brz-css-kezhy\">\n<div class=\"brz-columns brz-css-zkldz brz-css-yrgyu\" data-custom-id=\"pjhteqeyhwrsyyuejephajanuafttqmahfox\">\n<div class=\"brz-bg\">\n<div class=\"brz-bg-color\"><\/div>\n<\/div>\n<div class=\"brz-column__items brz-css-vvgkb\">\n<div class=\"brz-css-vtwsk brz-wrapper\">\n<div class=\"brz-rich-text brz-rich-text__custom brz-css-lolpy\" data-custom-id=\"pejgcffcdtozoowkbkfnilvtzddvqtrioxcu\">\n<div>\n<p class=\"brz-css-fkvhc\" data-generated-css=\"brz-css-nohga\" data-uniq-id=\"ebckr\"><em class=\"brz-cp-color8\">MARSANNAY BLANC &#8211; LES LONGEROIES <\/em><\/p>\n<\/div>\n<\/div>\n<\/div>\n<\/div>\n<\/div>\n<\/div>\n<\/div>\n<div class=\"brz-row__container brz-css-hweka\" data-custom-id=\"wkpzphithxxmactgftgppzvyicvmovbwwijd\">\n<div class=\"brz-row brz-css-wwawg brz-css-kezhy\">\n<div class=\"brz-columns brz-css-zkldz brz-css-eowkx\" data-custom-id=\"jnnfpixxegqrftkrtjnmtzwszudbivcyzaoh\">\n<div class=\"brz-column__items brz-css-vvgkb\">\n<div class=\"brz-css-vtwsk brz-wrapper\">\n<div class=\"brz-line brz-line-default brz-css-ywdox brz-css-rtqbp\" data-custom-id=\"sxknchwtqzvhepwcfixjlezradmicehpxkct\">\n<hr class=\"brz-hr\" \/><\/div>\n<\/div>\n<\/div>\n<\/div>\n<\/div>\n<\/div>\n<div class=\"brz-row__container brz-css-hweka\" data-custom-id=\"qlkyxqhwvthxqftjxinprxavxqtrgzvvysxi\">\n<div class=\"brz-row brz-css-wwawg brz-css-kezhy\">\n<div data-iteration-count=\"1\" class=\"brz-columns brz-css-zkldz brz-css-cpvht brz-animated brz-css-ilqrl brz-css-ykqxu\" data-custom-id=\"xlunkonafdvezyaoiwxqztvyybckswhghfzr\">\n<div class=\"brz-column__items brz-css-vvgkb\">\n<div class=\"brz-css-vtwsk brz-wrapper\">\n<div class=\"brz-image brz-css-hotif\"><picture class=\"brz-picture brz-d-block brz-p-relative brz-css-htdnk\" data-custom-id=\"hdpxjwsmmgxdtgnmqsfdprbfeirrnakcgpnk\"><source srcset=\"https:\/\/www.domaineducouvent.com\/wp-content\/uploads\/brizy\/imgs\/LONGEROIES-scaled-521x781x0x78x521x688x1681977476.jpg 1x, https:\/\/www.domaineducouvent.com\/wp-content\/uploads\/brizy\/imgs\/LONGEROIES-scaled-1042x1562x0x156x1042x1376x1681977476.jpg 2x\" media=\"(min-width: 992px)\" \/><source srcset=\"https:\/\/www.domaineducouvent.com\/wp-content\/uploads\/brizy\/imgs\/LONGEROIES-scaled-332x498x0x49x332x439x1681977476.jpg 1x, https:\/\/www.domaineducouvent.com\/wp-content\/uploads\/brizy\/imgs\/LONGEROIES-scaled-664x996x0x98x664x878x1681977476.jpg 2x\" media=\"(min-width: 768px)\" \/><img class=\"brz-img\" srcset=\"https:\/\/www.domaineducouvent.com\/wp-content\/uploads\/brizy\/imgs\/LONGEROIES-scaled-409x613x0x61x409x540x1681977476.jpg 1x, https:\/\/www.domaineducouvent.com\/wp-content\/uploads\/brizy\/imgs\/LONGEROIES-scaled-818x1226x0x122x818x1080x1681977476.jpg 2x\" src=\"https:\/\/www.domaineducouvent.com\/wp-content\/uploads\/brizy\/imgs\/LONGEROIES-scaled-521x781x0x78x521x688x1681977476.jpg\" alt=\"\" draggable=\"false\" loading=\"lazy\" \/><\/picture><\/div>\n<\/div>\n<\/div>\n<\/div>\n<div data-iteration-count=\"1\" class=\"brz-columns brz-css-zkldz brz-css-lhwgx brz-animated brz-css-bnchs brz-css-qxguj\" data-custom-id=\"ocruwnpunlqbccpuzupdnlobqgokdoesdfsi\">\n<div class=\"brz-bg\">\n<div class=\"brz-bg-color\"><\/div>\n<\/div>\n<div class=\"brz-column__items brz-css-vvgkb\">\n<div class=\"brz-row__container brz-css-hweka\" data-custom-id=\"uuudtslisfepultfffuordcitfwqmtkowubs\">\n<div class=\"brz-row brz-row--inner brz-css-wwawg\">\n<div class=\"brz-columns brz-css-zkldz brz-css-ojfth\" data-custom-id=\"aqjiadcuvbesgqevwtsdgiowvhwdhcqvzpup\">\n<div class=\"brz-column__items brz-css-vvgkb\">\n<div class=\"brz-css-vtwsk brz-wrapper\">\n<div class=\"brz-rich-text brz-rich-text__custom brz-css-lolpy\" data-custom-id=\"yolwctwojvbsynkefrcuczmaegnkcpluqizo\">\n<div>\n<p class=\"brz-css-teocr\" data-generated-css=\"brz-css-effzt\" data-uniq-id=\"hphah\"><span class=\"brz-cp-color8\">Situ\u00e9 dans la partie nord de l\u2019appellation, le climat des Longeroies se trouve dans la continuit\u00e9 du \u00ab\u00a0Clos du Roy\u00a0\u00bb ce qui explique son nom et est l\u2019un des plus grands climats de Marsannay par la taille (38,3 hectares) et par la r\u00e9putation. <\/span><\/p>\n<p class=\"brz-css-bjucl\" data-generated-css=\"brz-css-grqnd\" data-uniq-id=\"sbale\"><span class=\"brz-cp-color8\">Pour le domaine du couvent cette parcelle de 32 ares avec une exposition est, est la seule plant\u00e9e en chardonnay, et offre donc le seul vin blanc du domaine. <\/span><\/p>\n<p class=\"brz-css-kcyxw\" data-generated-css=\"brz-css-abprd\" data-uniq-id=\"xiziu\"><span class=\"brz-cp-color8\">Les grands rangs de 250 m\u00e8tres sont caract\u00e9ristiques par une pente l\u00e9g\u00e8re qui devient plus abrute en haut du climat.<\/span><\/p>\n<p class=\"brz-css-otwwh\" data-generated-css=\"brz-css-fxmyx\" data-uniq-id=\"zojzm\"><span class=\"brz-cp-color8\">Rachet\u00e9 en 2021, la parcelle situ\u00e9e et principalement compos\u00e9 dans la section basse du climat, (zone alluvionnaire) de cailloutis roul\u00e9s et de limons d\u00e9pos\u00e9s par l\u2019anciens cours de l\u2019ouche, pour la section haute la proportion d\u2019argile est plus importante avec la pr\u00e9sence de marne de Bresse offrant structure et complexit\u00e9 au vin.<\/span><\/p>\n<p class=\"brz-css-wabop\" data-generated-css=\"brz-css-avuct\" data-uniq-id=\"adbxu\"><span class=\"brz-cp-color8\">La surface de notre parcelle (32ares), nous permet une production d\u2019environ 1200-1500 bouteilles en fonctions des mill\u00e9simes\u00a0; <\/span><\/p>\n<p class=\"brz-css-jtkqc\" data-generated-css=\"brz-css-mvrpw\" data-uniq-id=\"jggru\"><span class=\"brz-cp-color8\">Apr\u00e8s un tri s\u00e9lectif \u00e0 la<\/span><span class=\"brz-cp-color8\" style=\"opacity: 1;\"> <\/span><span class=\"brz-cp-color8\">vigne puis \u00e0 la cuverie, les raisins sont directement press\u00e9s en grape enti\u00e8re dans un pressoir de type pneumatiques avant de laisser d\u00e9poser les composants en suspensions au sein d\u2019une cuve en inox. 24 heures apr\u00e8s un soutirage est fait de la cuve vers des vieux futs ou les fermentations alcoolique, malolactiques et l\u2019\u00e9levage auront lieu.<\/span><\/p>\n<p class=\"brz-css-ehoxd\" data-generated-css=\"brz-css-dufoa\" data-uniq-id=\"vhxia\"><span class=\"brz-cp-color8\">Ce blanc est \u00e9labor\u00e9 dans la m\u00eame philosophie que nos rouge (levures indig\u00e8nes, faible taux de sulfites pas d\u2019intrant \u0153nologique\u2026). Les vins sont l\u00e9g\u00e8rement b\u00e2tonn\u00e9s pendant l\u2019\u00e9levage qui lui durera environ 15 mois. <\/span><\/p>\n<p class=\"brz-css-vrryj\" data-generated-css=\"brz-css-asdrk\" data-uniq-id=\"ohrsz\"><\/p>\n<\/div>\n<\/div>\n<\/div>\n<\/div>\n<\/div>\n<\/div>\n<\/div>\n<\/div>\n<\/div>\n<\/div>\n<\/div>\n<\/div>\n<\/div>\n<\/section>\n<section data-uid=\"exshjhgdpaygcahmefwvumgpvcmcdpiaxbco\" id=\"exshjhgdpaygcahmefwvumgpvcmcdpiaxbco\" class=\"brz-section brz-css-hgwnh\">\n<div class=\"brz-section__content brz-section--boxed brz-css-oirvd brz-css-mjicx\" data-custom-id=\"thdnzgkuvadjoeyplcejxfelujqizneguict\">\n<div class=\"brz-bg\">\n<div class=\"brz-bg-color\"><\/div>\n<\/div>\n<div class=\"brz-container brz-css-msqay\">\n<div class=\"brz-row__container brz-css-hweka\" data-custom-id=\"maeerwudipiczwwtfebutslnctxyflanwfpa\">\n<div class=\"brz-row brz-css-wwawg brz-css-kezhy\">\n<div class=\"brz-columns brz-css-zkldz brz-css-mnkab\" data-custom-id=\"zxvhkwzjhupgolnbgwofusflsisjgjqgwyhl\">\n<div class=\"brz-column__items brz-css-vvgkb\">\n<div class=\"brz-css-vtwsk brz-wrapper\">\n<div class=\"brz-rich-text brz-rich-text__custom brz-css-lolpy\" data-custom-id=\"rryhhxmoivguqkavkbmlvcjhxcjoeaaixocz\">\n<div>\n<p class=\"brz-css-bfovf\" data-generated-css=\"brz-css-avdat\" data-uniq-id=\"iklxm\"><span class=\"brz-cp-color8\" style=\"opacity: 1;\">Domaine du Couvent<\/span><\/p>\n<p class=\"brz-css-zqozf\" data-generated-css=\"brz-css-shpay\" data-uniq-id=\"lquyu\"><span class=\"brz-cp-color8\" style=\"opacity: 1;\">7 rue de la croix des champs <\/span><\/p>\n<p class=\"brz-css-lmicc\" data-generated-css=\"brz-css-hkwuf\" data-uniq-id=\"fuofd\"><span class=\"brz-cp-color8\" style=\"opacity: 1;\">21220 Gevrey Chambertin <\/span><\/p>\n<\/div>\n<\/div>\n<\/div>\n<\/div>\n<\/div>\n<div class=\"brz-columns brz-css-zkldz brz-css-wlxxe\" data-custom-id=\"bfldjqksacyvtsfirezdbladatyvsiigknxo\">\n<div class=\"brz-column__items brz-css-vvgkb\">\n<div class=\"brz-css-vtwsk brz-wrapper\">\n<div class=\"brz-image brz-css-zssiy\"><picture class=\"brz-picture brz-d-block brz-p-relative brz-css-gyziq\" data-custom-id=\"euxwdylcsfjlefjtczsiigulxqlyvhbpvvdn\"><source srcset=\"https:\/\/www.domaineducouvent.com\/wp-content\/uploads\/brizy\/imgs\/LOGO-COUVENT-BLANC-75x93x3x0x68x93x1627983768.png 1x, https:\/\/www.domaineducouvent.com\/wp-content\/uploads\/brizy\/imgs\/LOGO-COUVENT-BLANC-150x186x6x0x136x186x1627983768.png 2x\" media=\"(min-width: 992px)\" \/><source srcset=\"https:\/\/www.domaineducouvent.com\/wp-content\/uploads\/brizy\/imgs\/LOGO-COUVENT-BLANC-100x124x8x0x84x124x1627983768.png 1x, https:\/\/www.domaineducouvent.com\/wp-content\/uploads\/brizy\/imgs\/LOGO-COUVENT-BLANC-200x248x16x0x168x248x1627983768.png 2x\" media=\"(min-width: 768px)\" \/><img class=\"brz-img\" srcset=\"https:\/\/www.domaineducouvent.com\/wp-content\/uploads\/brizy\/imgs\/LOGO-COUVENT-BLANC-68x84x6x0x56x84x1627983768.png 1x, https:\/\/www.domaineducouvent.com\/wp-content\/uploads\/brizy\/imgs\/LOGO-COUVENT-BLANC-136x168x12x0x112x168x1627983768.png 2x\" src=\"https:\/\/www.domaineducouvent.com\/wp-content\/uploads\/brizy\/imgs\/LOGO-COUVENT-BLANC-75x93x3x0x68x93x1627983768.png\" alt=\"\" draggable=\"false\" loading=\"lazy\" \/><\/picture><\/div>\n<\/div>\n<\/div>\n<\/div>\n<div class=\"brz-columns brz-css-zkldz brz-css-bwakw\" data-custom-id=\"lwirptucvrjenclzbphvmylepafwwsbjlhyi\">\n<div class=\"brz-column__items brz-css-vvgkb\">\n<div class=\"brz-css-vtwsk brz-wrapper\">\n<div class=\"brz-rich-text brz-rich-text__custom brz-css-lolpy\" data-custom-id=\"bqkkedusoydulrujupnyirxdibxnadcerhtv\">\n<div>\n<p class=\"brz-css-yqyyx\" data-uniq-id=\"ighdj\" data-generated-css=\"brz-css-qryym\"><span class=\"brz-cp-color8\">Philippe Ch\u00e9ron<\/span><\/p>\n<p class=\"brz-css-azbtx\" data-uniq-id=\"wvwcw\" data-generated-css=\"brz-css-cpebf\"><span class=\"brz-cp-color8\">03 80 34 30 30 <\/span><\/p>\n<\/div>\n<\/div>\n<\/div>\n<div class=\"brz-wrapper-clone brz-css-mlbip\">\n<div class=\"brz-d-xs-flex brz-flex-xs-wrap brz-css-awagu brz-css-yytym\">\n<div class=\"brz-wrapper-clone__item brz-css-nnxal brz-css-gmyzo\" id=\"wepjwfnapqmjhqrmgbbxwaxfnafizcvwncpr\">\n<div id class=\"brz-icon__container\" data-custom-id=\"wepjwfnapqmjhqrmgbbxwaxfnafizcvwncpr\"><a class=\"brz-a\" href=\"https:\/\/www.facebook.com\/profile.php?id=100071013171661\" data-brz-link-type=\"external\" id><span class=\"brz-span brz-icon css-16ajnmp\"><svg version=\"1.1\" xmlns=\"http:\/\/www.w3.org\/2000\/svg\" xmlns:xlink=\"http:\/\/www.w3.org\/1999\/xlink\" x=\"0px\" y=\"0px\" viewbox=\"0 0 24 24\" xml:space=\"preserve\" class=\"brz-icon-svg\" data-type=\"glyph\" data-name=\"logo-facebook\"><g class=\"nc-icon-wrapper\" fill=\"currentColor\"><path fill=\"currentColor\" d=\"M22,0H2C0.895,0,0,0.895,0,2v20c0,1.105,0.895,2,2,2h11v-9h-3v-4h3V8.413c0-3.1,1.893-4.788,4.659-4.788 c1.325,0,2.463,0.099,2.795,0.143v3.24l-1.918,0.001c-1.504,0-1.795,0.715-1.795,1.763V11h4.44l-1,4h-3.44v9H22c1.105,0,2-0.895,2-2 V2C24,0.895,23.105,0,22,0z\" \/><\/g><\/svg><\/span><\/a><\/div>\n<\/div>\n<div class=\"brz-wrapper-clone__item brz-css-nnxal brz-css-gmyzo\" id=\"cordroxhrqnseixabtyrhcexjdhifvpcfipa\">\n<div id class=\"brz-icon__container\" data-custom-id=\"cordroxhrqnseixabtyrhcexjdhifvpcfipa\"><a class=\"brz-a\" href=\"https:\/\/www.linkedin.com\/company\/domaine-du-couvent-philippe-cheron\/\" data-brz-link-type=\"external\" id><span class=\"brz-span brz-icon css-1flr95o\"><svg version=\"1.1\" xmlns=\"http:\/\/www.w3.org\/2000\/svg\" xmlns:xlink=\"http:\/\/www.w3.org\/1999\/xlink\" x=\"0px\" y=\"0px\" viewbox=\"0 0 24 24\" xml:space=\"preserve\" class=\"brz-icon-svg\" data-type=\"glyph\" data-name=\"logo-linkedin\"><g class=\"nc-icon-wrapper\" fill=\"currentColor\"><path fill=\"currentColor\" d=\"M23,0H1C0.4,0,0,0.4,0,1v22c0,0.6,0.4,1,1,1h22c0.6,0,1-0.4,1-1V1C24,0.4,23.6,0,23,0z M7.1,20.5H3.6V9h3.6 V20.5z M5.3,7.4c-1.1,0-2.1-0.9-2.1-2.1c0-1.1,0.9-2.1,2.1-2.1c1.1,0,2.1,0.9,2.1,2.1C7.4,6.5,6.5,7.4,5.3,7.4z M20.5,20.5h-3.6 v-5.6c0-1.3,0-3-1.8-3c-1.9,0-2.1,1.4-2.1,2.9v5.7H9.4V9h3.4v1.6h0c0.5-0.9,1.6-1.8,3.4-1.8c3.6,0,4.3,2.4,4.3,5.5V20.5z\" \/><\/g><\/svg><\/span><\/a><\/div>\n<\/div>\n<div class=\"brz-wrapper-clone__item brz-css-nnxal brz-css-gmyzo\" id=\"lrifjqmlbsqldfavsgtbrgcvzyacrjfesmhq\">\n<div id class=\"brz-icon__container\" data-custom-id=\"lrifjqmlbsqldfavsgtbrgcvzyacrjfesmhq\"><a class=\"brz-a\" href=\"https:\/\/www.instagram.com\/domainecouvent\/\" data-brz-link-type=\"external\" id><span class=\"brz-span brz-icon css-1flr95o\"><svg version=\"1.1\" xmlns=\"http:\/\/www.w3.org\/2000\/svg\" xmlns:xlink=\"http:\/\/www.w3.org\/1999\/xlink\" x=\"0px\" y=\"0px\" viewbox=\"0 0 24 24\" xml:space=\"preserve\" class=\"brz-icon-svg\" data-type=\"glyph\" data-name=\"logo-instagram\"><g class=\"nc-icon-wrapper\" fill=\"currentColor\"><path fill=\"currentColor\" d=\"M12,2.162c3.204,0,3.584,0.012,4.849,0.07c1.366,0.062,2.633,0.336,3.608,1.311 c0.975,0.975,1.249,2.242,1.311,3.608c0.058,1.265,0.07,1.645,0.07,4.849s-0.012,3.584-0.07,4.849 c-0.062,1.366-0.336,2.633-1.311,3.608c-0.975,0.975-2.242,1.249-3.608,1.311c-1.265,0.058-1.645,0.07-4.849,0.07 s-3.584-0.012-4.849-0.07c-1.366-0.062-2.633-0.336-3.608-1.311c-0.975-0.975-1.249-2.242-1.311-3.608 c-0.058-1.265-0.07-1.645-0.07-4.849s0.012-3.584,0.07-4.849c0.062-1.366,0.336-2.633,1.311-3.608 c0.975-0.975,2.242-1.249,3.608-1.311C8.416,2.174,8.796,2.162,12,2.162 M12,0C8.741,0,8.332,0.014,7.052,0.072 c-1.95,0.089-3.663,0.567-5.038,1.942C0.639,3.389,0.161,5.102,0.072,7.052C0.014,8.332,0,8.741,0,12 c0,3.259,0.014,3.668,0.072,4.948c0.089,1.95,0.567,3.663,1.942,5.038c1.375,1.375,3.088,1.853,5.038,1.942 C8.332,23.986,8.741,24,12,24s3.668-0.014,4.948-0.072c1.95-0.089,3.663-0.567,5.038-1.942c1.375-1.375,1.853-3.088,1.942-5.038 C23.986,15.668,24,15.259,24,12s-0.014-3.668-0.072-4.948c-0.089-1.95-0.567-3.663-1.942-5.038 c-1.375-1.375-3.088-1.853-5.038-1.942C15.668,0.014,15.259,0,12,0L12,0z\" \/> <path data-color=\"color-2\" fill=\"currentColor\" d=\"M12,5.838c-3.403,0-6.162,2.759-6.162,6.162S8.597,18.162,12,18.162s6.162-2.759,6.162-6.162 S15.403,5.838,12,5.838z M12,16c-2.209,0-4-1.791-4-4s1.791-4,4-4s4,1.791,4,4S14.209,16,12,16z\" \/> <circle data-color=\"color-2\" fill=\"currentColor\" cx=\"18.406\" cy=\"5.594\" r=\"1.44\" \/><\/g><\/svg><\/span><\/a><\/div>\n<\/div>\n<\/div>\n<\/div>\n<\/div>\n<\/div>\n<\/div>\n<\/div>\n<\/div>\n<\/div>\n<\/section>\n<\/div>\n<p><!-- version:1763115821 --><\/p>\n","protected":false},"excerpt":{"rendered":"<p>MARSANNAY BLANC &#8211; LES LONGEROIES Situ\u00e9 dans la partie nord de l\u2019appellation, le climat des Longeroies se trouve dans la continuit\u00e9 du \u00ab\u00a0Clos du Roy\u00a0\u00bb ce qui explique son nom et est l\u2019un des plus grands climats de Marsannay par la taille (38,3 hectares) et par la r\u00e9putation. Pour le domaine du couvent cette parcelle &hellip;<\/p>\n<p class=\"read-more\"> <a class=\"\" href=\"https:\/\/www.domaineducouvent.com\/index.php\/marsannay-longeroies\/\"> <span class=\"screen-reader-text\">Brizy #2060<\/span> Lire la suite \u00bb<\/a><\/p>\n","protected":false},"author":1,"featured_media":0,"parent":0,"menu_order":0,"comment_status":"closed","ping_status":"closed","template":"brizy-blank-template.php","meta":[],"yoast_head":"<!-- This site is optimized with the Yoast SEO plugin v19.2 - https:\/\/yoast.com\/wordpress\/plugins\/seo\/ -->\n<title>Brizy #2060 - Domaine du Couvent - Philippe Cheron<\/title>\n<meta name=\"robots\" content=\"index, follow, max-snippet:-1, max-image-preview:large, max-video-preview:-1\" \/>\n<link rel=\"canonical\" href=\"https:\/\/www.domaineducouvent.com\/index.php\/marsannay-longeroies\/\" \/>\n<meta property=\"og:locale\" content=\"fr_FR\" \/>\n<meta property=\"og:type\" content=\"article\" \/>\n<meta property=\"og:title\" content=\"Brizy #2060 - Domaine du Couvent - Philippe Cheron\" \/>\n<meta property=\"og:description\" content=\"MARSANNAY BLANC &#8211; LES LONGEROIES Situ\u00e9 dans la partie nord de l\u2019appellation, le climat des Longeroies se trouve dans la continuit\u00e9 du \u00ab\u00a0Clos du Roy\u00a0\u00bb ce qui explique son nom et est l\u2019un des plus grands climats de Marsannay par la taille (38,3 hectares) et par la r\u00e9putation. Pour le domaine du couvent cette parcelle &hellip; Brizy #2060 Lire la suite \u00bb\" \/>\n<meta property=\"og:url\" content=\"https:\/\/www.domaineducouvent.com\/index.php\/marsannay-longeroies\/\" \/>\n<meta property=\"og:site_name\" content=\"Domaine du Couvent - Philippe Cheron\" \/>\n<meta property=\"article:modified_time\" content=\"2025-11-14T10:23:41+00:00\" \/>\n<meta property=\"og:image\" content=\"https:\/\/www.domaineducouvent.com\/wp-content\/uploads\/brizy\/imgs\/LONGEROIES-scaled-521x781x0x78x521x688x1681977476.jpg\" \/>\n<meta name=\"author\" content=\"admin5320\" \/>\n<meta name=\"twitter:card\" content=\"summary_large_image\" \/>\n<meta name=\"twitter:label1\" content=\"Dur\u00e9e de lecture estim\u00e9e\" \/>\n\t<meta name=\"twitter:data1\" content=\"3 minutes\" \/>\n<script type=\"application\/ld+json\" class=\"yoast-schema-graph\">{\"@context\":\"https:\/\/schema.org\",\"@graph\":[{\"@type\":\"WebSite\",\"@id\":\"https:\/\/www.domaineducouvent.com\/#website\",\"url\":\"https:\/\/www.domaineducouvent.com\/\",\"name\":\"Domaine du Couvent - Philippe Cheron\",\"description\":\"Vigneron au service des Climats\",\"potentialAction\":[{\"@type\":\"SearchAction\",\"target\":{\"@type\":\"EntryPoint\",\"urlTemplate\":\"https:\/\/www.domaineducouvent.com\/?s={search_term_string}\"},\"query-input\":\"required name=search_term_string\"}],\"inLanguage\":\"fr-FR\"},{\"@type\":\"ImageObject\",\"inLanguage\":\"fr-FR\",\"@id\":\"https:\/\/www.domaineducouvent.com\/index.php\/marsannay-longeroies\/#primaryimage\",\"url\":\"https:\/\/www.domaineducouvent.com\/wp-content\/uploads\/brizy\/imgs\/LONGEROIES-scaled-521x781x0x78x521x688x1681977476.jpg\",\"contentUrl\":\"https:\/\/www.domaineducouvent.com\/wp-content\/uploads\/brizy\/imgs\/LONGEROIES-scaled-521x781x0x78x521x688x1681977476.jpg\"},{\"@type\":\"WebPage\",\"@id\":\"https:\/\/www.domaineducouvent.com\/index.php\/marsannay-longeroies\/#webpage\",\"url\":\"https:\/\/www.domaineducouvent.com\/index.php\/marsannay-longeroies\/\",\"name\":\"Brizy #2060 - Domaine du Couvent - Philippe Cheron\",\"isPartOf\":{\"@id\":\"https:\/\/www.domaineducouvent.com\/#website\"},\"primaryImageOfPage\":{\"@id\":\"https:\/\/www.domaineducouvent.com\/index.php\/marsannay-longeroies\/#primaryimage\"},\"datePublished\":\"2023-04-21T07:48:32+00:00\",\"dateModified\":\"2025-11-14T10:23:41+00:00\",\"breadcrumb\":{\"@id\":\"https:\/\/www.domaineducouvent.com\/index.php\/marsannay-longeroies\/#breadcrumb\"},\"inLanguage\":\"fr-FR\",\"potentialAction\":[{\"@type\":\"ReadAction\",\"target\":[\"https:\/\/www.domaineducouvent.com\/index.php\/marsannay-longeroies\/\"]}]},{\"@type\":\"BreadcrumbList\",\"@id\":\"https:\/\/www.domaineducouvent.com\/index.php\/marsannay-longeroies\/#breadcrumb\",\"itemListElement\":[{\"@type\":\"ListItem\",\"position\":1,\"name\":\"Accueil\",\"item\":\"https:\/\/www.domaineducouvent.com\/\"},{\"@type\":\"ListItem\",\"position\":2,\"name\":\"Brizy #2060\"}]}]}<\/script>\n<!-- \/ Yoast SEO plugin. -->","yoast_head_json":{"title":"Brizy #2060 - Domaine du Couvent - Philippe Cheron","robots":{"index":"index","follow":"follow","max-snippet":"max-snippet:-1","max-image-preview":"max-image-preview:large","max-video-preview":"max-video-preview:-1"},"canonical":"https:\/\/www.domaineducouvent.com\/index.php\/marsannay-longeroies\/","og_locale":"fr_FR","og_type":"article","og_title":"Brizy #2060 - Domaine du Couvent - Philippe Cheron","og_description":"MARSANNAY BLANC &#8211; LES LONGEROIES Situ\u00e9 dans la partie nord de l\u2019appellation, le climat des Longeroies se trouve dans la continuit\u00e9 du \u00ab\u00a0Clos du Roy\u00a0\u00bb ce qui explique son nom et est l\u2019un des plus grands climats de Marsannay par la taille (38,3 hectares) et par la r\u00e9putation. Pour le domaine du couvent cette parcelle &hellip; Brizy #2060 Lire la suite \u00bb","og_url":"https:\/\/www.domaineducouvent.com\/index.php\/marsannay-longeroies\/","og_site_name":"Domaine du Couvent - Philippe Cheron","article_modified_time":"2025-11-14T10:23:41+00:00","og_image":[{"url":"https:\/\/www.domaineducouvent.com\/wp-content\/uploads\/brizy\/imgs\/LONGEROIES-scaled-521x781x0x78x521x688x1681977476.jpg"}],"author":"admin5320","twitter_card":"summary_large_image","twitter_misc":{"Dur\u00e9e de lecture estim\u00e9e":"3 minutes"},"schema":{"@context":"https:\/\/schema.org","@graph":[{"@type":"WebSite","@id":"https:\/\/www.domaineducouvent.com\/#website","url":"https:\/\/www.domaineducouvent.com\/","name":"Domaine du Couvent - Philippe Cheron","description":"Vigneron au service des Climats","potentialAction":[{"@type":"SearchAction","target":{"@type":"EntryPoint","urlTemplate":"https:\/\/www.domaineducouvent.com\/?s={search_term_string}"},"query-input":"required name=search_term_string"}],"inLanguage":"fr-FR"},{"@type":"ImageObject","inLanguage":"fr-FR","@id":"https:\/\/www.domaineducouvent.com\/index.php\/marsannay-longeroies\/#primaryimage","url":"https:\/\/www.domaineducouvent.com\/wp-content\/uploads\/brizy\/imgs\/LONGEROIES-scaled-521x781x0x78x521x688x1681977476.jpg","contentUrl":"https:\/\/www.domaineducouvent.com\/wp-content\/uploads\/brizy\/imgs\/LONGEROIES-scaled-521x781x0x78x521x688x1681977476.jpg"},{"@type":"WebPage","@id":"https:\/\/www.domaineducouvent.com\/index.php\/marsannay-longeroies\/#webpage","url":"https:\/\/www.domaineducouvent.com\/index.php\/marsannay-longeroies\/","name":"Brizy #2060 - Domaine du Couvent - Philippe Cheron","isPartOf":{"@id":"https:\/\/www.domaineducouvent.com\/#website"},"primaryImageOfPage":{"@id":"https:\/\/www.domaineducouvent.com\/index.php\/marsannay-longeroies\/#primaryimage"},"datePublished":"2023-04-21T07:48:32+00:00","dateModified":"2025-11-14T10:23:41+00:00","breadcrumb":{"@id":"https:\/\/www.domaineducouvent.com\/index.php\/marsannay-longeroies\/#breadcrumb"},"inLanguage":"fr-FR","potentialAction":[{"@type":"ReadAction","target":["https:\/\/www.domaineducouvent.com\/index.php\/marsannay-longeroies\/"]}]},{"@type":"BreadcrumbList","@id":"https:\/\/www.domaineducouvent.com\/index.php\/marsannay-longeroies\/#breadcrumb","itemListElement":[{"@type":"ListItem","position":1,"name":"Accueil","item":"https:\/\/www.domaineducouvent.com\/"},{"@type":"ListItem","position":2,"name":"Brizy #2060"}]}]}},"uagb_featured_image_src":{"full":false,"thumbnail":false,"medium":false,"medium_large":false,"large":false,"1536x1536":false,"2048x2048":false},"uagb_author_info":{"display_name":"admin5320","author_link":"https:\/\/www.domaineducouvent.com\/index.php\/author\/admin5320\/"},"uagb_comment_info":0,"uagb_excerpt":"MARSANNAY BLANC &#8211; LES LONGEROIES Situ\u00e9 dans la partie nord de l\u2019appellation, le climat des Longeroies se trouve dans la continuit\u00e9 du \u00ab\u00a0Clos du Roy\u00a0\u00bb ce qui explique son nom et est l\u2019un des plus grands climats de Marsannay par la taille (38,3 hectares) et par la r\u00e9putation. Pour le domaine du couvent cette parcelle\u2026","_links":{"self":[{"href":"https:\/\/www.domaineducouvent.com\/index.php\/wp-json\/wp\/v2\/pages\/2060"}],"collection":[{"href":"https:\/\/www.domaineducouvent.com\/index.php\/wp-json\/wp\/v2\/pages"}],"about":[{"href":"https:\/\/www.domaineducouvent.com\/index.php\/wp-json\/wp\/v2\/types\/page"}],"author":[{"embeddable":true,"href":"https:\/\/www.domaineducouvent.com\/index.php\/wp-json\/wp\/v2\/users\/1"}],"replies":[{"embeddable":true,"href":"https:\/\/www.domaineducouvent.com\/index.php\/wp-json\/wp\/v2\/comments?post=2060"}],"version-history":[{"count":11,"href":"https:\/\/www.domaineducouvent.com\/index.php\/wp-json\/wp\/v2\/pages\/2060\/revisions"}],"predecessor-version":[{"id":2377,"href":"https:\/\/www.domaineducouvent.com\/index.php\/wp-json\/wp\/v2\/pages\/2060\/revisions\/2377"}],"wp:attachment":[{"href":"https:\/\/www.domaineducouvent.com\/index.php\/wp-json\/wp\/v2\/media?parent=2060"}],"curies":[{"name":"wp","href":"https:\/\/api.w.org\/{rel}","templated":true}]}}