{"id":15,"date":"2021-07-29T11:39:11","date_gmt":"2021-07-29T09:39:11","guid":{"rendered":"http:\/\/domaich.cluster030.hosting.ovh.net\/?page_id=15"},"modified":"2024-11-22T11:12:33","modified_gmt":"2024-11-22T10:12:33","slug":"conduite-vignoble","status":"publish","type":"page","link":"https:\/\/www.domaineducouvent.com\/index.php\/conduite-vignoble\/","title":{"rendered":"Conduite Vignoble"},"content":{"rendered":"<div class=\"brz-root__container brz-reset-all\">\n<section data-uid=\"tgrbyczykqisbepcmivwoikcggoaspjpegxt\" id=\"tgrbyczykqisbepcmivwoikcggoaspjpegxt\" class=\"brz-section brz-css-kmdqn\">\n<div class=\"brz-section__content brz-section--boxed brz-css-hibme brz-css-qxazj\" data-custom-id=\"otodltwbptlisenpefjkqqjvwufhkfqmzzyy\">\n<div class=\"brz-bg\">\n<div class=\"brz-bg-image\"><\/div>\n<\/div>\n<div class=\"brz-container brz-css-cpkht\">\n<div class=\"brz-row__container brz-css-hurfi\" data-custom-id=\"rmjneesxovaqiomaxyfroaddmewyfvvwjjbh\">\n<div class=\"brz-row brz-css-giqqn brz-css-dyzoq\">\n<div class=\"brz-columns brz-css-kegwm brz-css-kqbyz\" data-custom-id=\"cbevyvrlmttdlzuwnqqknxqjoaqcqljmkcnv\">\n<div class=\"brz-column__items brz-css-frpvo\">\n<div class=\"brz-css-bjikw brz-wrapper\">\n<div class=\"brz-rich-text brz-rich-text__custom brz-css-bjnyb\" data-custom-id=\"hblqqjaggtctltseogtdmfqpooueimxssnnb\">\n<div>\n<p class=\"brz-css-rpbai\" data-uniq-id=\"zizhd\" data-generated-css=\"brz-css-rypbw\"><span class=\"brz-cp-color8\">CONDUITE DU VIGNOBLE<\/span><\/p>\n<\/div>\n<\/div>\n<\/div>\n<div class=\"brz-css-bjikw brz-wrapper\">\n<div class=\"brz-line brz-line-default brz-css-teiof brz-css-ivdfk\" data-custom-id=\"mwqaqzbgtuccyxjqtwttnbyutfudzonmmddz\">\n<hr class=\"brz-hr\" \/><\/div>\n<\/div>\n<\/div>\n<\/div>\n<\/div>\n<\/div>\n<div class=\"brz-row__container brz-css-hurfi\" data-custom-id=\"ysaxbjlwsbxusdvxkxgbojjyzdaehcspunpt\">\n<div class=\"brz-row brz-css-giqqn brz-css-dyzoq\">\n<div class=\"brz-columns brz-css-kegwm\" data-custom-id=\"rtaqjjdypklbpuauxvnhiijgginatygueuif\">\n<div class=\"brz-column__items brz-css-frpvo\"><\/div>\n<\/div>\n<div data-iteration-count=\"1\" class=\"brz-columns brz-css-kegwm brz-css-kuqjv brz-animated brz-css-pjpkh brz-css-oqdqx\" data-custom-id=\"ncwpgpbqueeyhayhvzacheisxlegberfceig\">\n<div class=\"brz-bg\">\n<div class=\"brz-bg-color\"><\/div>\n<\/div>\n<div class=\"brz-column__items brz-css-frpvo\">\n<div class=\"brz-css-bjikw brz-wrapper\">\n<div class=\"brz-rich-text brz-rich-text__custom brz-css-bjnyb\" data-custom-id=\"ygnoquanpjikdglqyiieqbjnmcdqmqyipcag\">\n<div>\n<p class=\"brz-css-yfbmw\" data-uniq-id=\"kcbfi\" data-generated-css=\"brz-css-pxwfh\"><span class=\"brz-cp-color8\">Situ\u00e9 dans des climats r\u00e9put\u00e9s, l\u2019essentiel du domaine est compos\u00e9<\/span><\/p>\n<p class=\"brz-css-thpip\" data-uniq-id=\"sbrea\" data-generated-css=\"brz-css-slsty\"><span class=\"brz-cp-color8\">majoritairement de vieilles vignes, 70% des vignes ayant plus de 50<\/span><\/p>\n<p class=\"brz-css-adyuf\" data-generated-css=\"brz-css-jskky\" data-uniq-id=\"fxtog\"><span class=\"brz-cp-color8\">ans. Dans une philosophie de laisser s\u2019exprimer ses vieilles vignes le plus naturellement possible, nous travaillons nos vignes avec sensibilit\u00e9 et passion, toujours dans le but d\u2019illustrer un maximum le terroir sur lequel elles sont plant\u00e9es. L\u2019enc\u00e9pagement est principalement du pinot noir, conduit en Guyot mixte (Poussard et simple) sauf les tr\u00e8s vieilles vignes dont l\u2019allongement de la structure impose une taille plus courte, la taille est faite dans le respect des flux des s\u00e8ves pour favoriser la p\u00e9rennit\u00e9 du vignoble. Chaque ann\u00e9e nous rempla\u00e7ons les pieds manquants en prenant soin de diversifier la s\u00e9lection vari\u00e9tale. Depuis plus de dix ans, \u00e0 la faveur d\u2019une connaissance de plus en plus fine de nos diff\u00e9rentes parcelles et face aux d\u00e9fis des \u00e9volutions climatiques, nous nous sommes orient\u00e9s progressivement vers une approche plus douce et respectueuse de ce que la nature nous autorise \u00e0 chaque mill\u00e9sime. Nous ne sommes pas certifi\u00e9s mais nos pratiques sont aux plus proches du r\u00e9f\u00e9rentiel de l\u2019agriculture biologique. La fertilisation se borne \u00e0 amender la vigne de composts et d&apos;engrai organique favorisant la vie microbienne et le bon \u00e9quilibre du sol. Nous n\u2019utilisons aucun d\u00e9sherbants. G\u00e9rant nos sols par une alternance d\u2019enherbement naturel, et de travail du sol en surface principalement au d\u00e9but du cycle v\u00e9g\u00e9tatif. Pas d\u2019insecticides non plus, remplac\u00e9s par la confusion sexuelle et l\u2019accroissement de la pr\u00e9sence naturelle d\u2019une pr\u00e9cieuse faune auxiliaire. Les mol\u00e9cules les plus impactantes ont \u00e9t\u00e9 bannies et aucun traitement anti botrytis n\u2019est appliqu\u00e9. Les rendements sont contenu par la taille mais aussi lors des travaux en vert : \u00e9bourgeonnage, d\u00e9doublage, \u00e9pamprage. L\u2019usage des produits phytosanitaires est limit\u00e9 par une gestion raisonn\u00e9e des interventions et une a\u00e9ration de la zone fructif\u00e8re de la plante : allongement de la baguette, effeuillage, vendange en vert.<\/span><\/p>\n<\/div>\n<\/div>\n<\/div>\n<\/div>\n<\/div>\n<\/div>\n<\/div>\n<\/div>\n<\/div>\n<\/section>\n<section data-uid=\"yaypzvmpwsanatxmdvvmrwkvuxakblpkqrrn\" id=\"yaypzvmpwsanatxmdvvmrwkvuxakblpkqrrn\" class=\"brz-section brz-css-kmdqn\">\n<div class=\"brz-section__content brz-section--boxed brz-css-hibme brz-css-vjzkl\" data-custom-id=\"wgfiutifsqzelmppnbcyymylyfiwgclprudy\">\n<div class=\"brz-bg\">\n<div class=\"brz-bg-color\"><\/div>\n<\/div>\n<div class=\"brz-container brz-css-cpkht\">\n<div class=\"brz-row__container brz-css-hurfi\" data-custom-id=\"dbshfzxpsfskwmfqodlcnoneurxsedbvzhqd\">\n<div class=\"brz-row brz-css-giqqn brz-css-dyzoq\">\n<div class=\"brz-columns brz-css-kegwm brz-css-qgaxy\" data-custom-id=\"bggbourwgyrqklbzprjsvxvozyibjrrgwegm\">\n<div class=\"brz-column__items brz-css-frpvo\">\n<div class=\"brz-css-bjikw brz-wrapper\">\n<div class=\"brz-rich-text brz-rich-text__custom brz-css-bjnyb\" data-custom-id=\"dajrxizbwoneywksodvpvcbqdellcjqmfydj\">\n<div>\n<p class=\"brz-css-luxmi\" data-generated-css=\"brz-css-avdat\" data-uniq-id=\"iklxm\"><span class=\"brz-cp-color8\" style=\"opacity: 1;\">Domaine du Couvent<\/span><\/p>\n<p class=\"brz-css-yllap\" data-generated-css=\"brz-css-shpay\" data-uniq-id=\"lquyu\"><span class=\"brz-cp-color8\" style=\"opacity: 1;\">7 rue de la croix des champs <\/span><\/p>\n<p class=\"brz-css-gpmkh\" data-generated-css=\"brz-css-hkwuf\" data-uniq-id=\"fuofd\"><span class=\"brz-cp-color8\" style=\"opacity: 1;\">21220 Gevrey Chambertin <\/span><\/p>\n<\/div>\n<\/div>\n<\/div>\n<\/div>\n<\/div>\n<div class=\"brz-columns brz-css-kegwm brz-css-ufxpn\" data-custom-id=\"dkkzptyadymtzreeamaqtzadcmjothprneyp\">\n<div class=\"brz-column__items brz-css-frpvo\">\n<div class=\"brz-css-bjikw brz-wrapper\">\n<div class=\"brz-image brz-css-pwaju\"><picture class=\"brz-picture brz-d-block brz-p-relative brz-css-rjkss\" data-custom-id=\"hhxuzgfemeomjhzsksirwmikubbbuttylhva\"><source srcset=\"https:\/\/www.domaineducouvent.com\/wp-content\/uploads\/brizy\/imgs\/LOGO-COUVENT-BLANC-75x93x3x0x68x93x1627983768.png 1x, https:\/\/www.domaineducouvent.com\/wp-content\/uploads\/brizy\/imgs\/LOGO-COUVENT-BLANC-150x186x6x0x136x186x1627983768.png 2x\" media=\"(min-width: 992px)\" \/><source srcset=\"https:\/\/www.domaineducouvent.com\/wp-content\/uploads\/brizy\/imgs\/LOGO-COUVENT-BLANC-100x124x8x0x84x124x1627983768.png 1x, https:\/\/www.domaineducouvent.com\/wp-content\/uploads\/brizy\/imgs\/LOGO-COUVENT-BLANC-200x248x16x0x168x248x1627983768.png 2x\" media=\"(min-width: 768px)\" \/><img class=\"brz-img\" srcset=\"https:\/\/www.domaineducouvent.com\/wp-content\/uploads\/brizy\/imgs\/LOGO-COUVENT-BLANC-68x84x6x0x56x84x1627983768.png 1x, https:\/\/www.domaineducouvent.com\/wp-content\/uploads\/brizy\/imgs\/LOGO-COUVENT-BLANC-136x168x12x0x112x168x1627983768.png 2x\" src=\"https:\/\/www.domaineducouvent.com\/wp-content\/uploads\/brizy\/imgs\/LOGO-COUVENT-BLANC-75x93x3x0x68x93x1627983768.png\" alt=\"\" draggable=\"false\" loading=\"lazy\" \/><\/picture><\/div>\n<\/div>\n<\/div>\n<\/div>\n<div class=\"brz-columns brz-css-kegwm brz-css-wvrsd\" data-custom-id=\"wwngbdvzwmzbvxisdvkxwbvourhbgtquuics\">\n<div class=\"brz-column__items brz-css-frpvo\">\n<div class=\"brz-css-bjikw brz-wrapper\">\n<div class=\"brz-rich-text brz-rich-text__custom brz-css-bjnyb\" data-custom-id=\"fanfbqhxtftizkoesvrngnaqrgiigokuuhzc\">\n<div>\n<p class=\"brz-css-dzcss\" data-uniq-id=\"ighdj\" data-generated-css=\"brz-css-qryym\"><span class=\"brz-cp-color8\">Philippe Ch\u00e9ron<\/span><\/p>\n<p class=\"brz-css-etxgg\" data-uniq-id=\"wvwcw\" data-generated-css=\"brz-css-cpebf\"><span class=\"brz-cp-color8\">03 80 34 30 30 <\/span><\/p>\n<\/div>\n<\/div>\n<\/div>\n<div class=\"brz-wrapper-clone brz-css-nompe\">\n<div class=\"brz-d-xs-flex brz-flex-xs-wrap brz-css-pqsru brz-css-sqwqf\">\n<div class=\"brz-wrapper-clone__item brz-css-biqkz brz-css-prvag\" id=\"fnavkiedfljihoawbigrdbgfjcvumpfftmtc\">\n<div id class=\"brz-icon__container\" data-custom-id=\"fnavkiedfljihoawbigrdbgfjcvumpfftmtc\"><a class=\"brz-a\" href=\"https:\/\/www.facebook.com\/profile.php?id=100071013171661\" data-brz-link-type=\"external\" id><span class=\"brz-span brz-icon css-16ajnmp\"><svg version=\"1.1\" xmlns=\"http:\/\/www.w3.org\/2000\/svg\" xmlns:xlink=\"http:\/\/www.w3.org\/1999\/xlink\" x=\"0px\" y=\"0px\" viewbox=\"0 0 24 24\" xml:space=\"preserve\" class=\"brz-icon-svg\" data-type=\"glyph\" data-name=\"logo-facebook\"><g class=\"nc-icon-wrapper\" fill=\"currentColor\"><path fill=\"currentColor\" d=\"M22,0H2C0.895,0,0,0.895,0,2v20c0,1.105,0.895,2,2,2h11v-9h-3v-4h3V8.413c0-3.1,1.893-4.788,4.659-4.788 c1.325,0,2.463,0.099,2.795,0.143v3.24l-1.918,0.001c-1.504,0-1.795,0.715-1.795,1.763V11h4.44l-1,4h-3.44v9H22c1.105,0,2-0.895,2-2 V2C24,0.895,23.105,0,22,0z\" \/><\/g><\/svg><\/span><\/a><\/div>\n<\/div>\n<div class=\"brz-wrapper-clone__item brz-css-biqkz brz-css-prvag\" id=\"ehjtsroofnoggysbeqskvedkhapgztvumpme\">\n<div id class=\"brz-icon__container\" data-custom-id=\"ehjtsroofnoggysbeqskvedkhapgztvumpme\"><a class=\"brz-a\" href=\"https:\/\/www.linkedin.com\/company\/domaine-du-couvent-philippe-cheron\/\" data-brz-link-type=\"external\" id><span class=\"brz-span brz-icon css-1flr95o\"><svg version=\"1.1\" xmlns=\"http:\/\/www.w3.org\/2000\/svg\" xmlns:xlink=\"http:\/\/www.w3.org\/1999\/xlink\" x=\"0px\" y=\"0px\" viewbox=\"0 0 24 24\" xml:space=\"preserve\" class=\"brz-icon-svg\" data-type=\"glyph\" data-name=\"logo-linkedin\"><g class=\"nc-icon-wrapper\" fill=\"currentColor\"><path fill=\"currentColor\" d=\"M23,0H1C0.4,0,0,0.4,0,1v22c0,0.6,0.4,1,1,1h22c0.6,0,1-0.4,1-1V1C24,0.4,23.6,0,23,0z M7.1,20.5H3.6V9h3.6 V20.5z M5.3,7.4c-1.1,0-2.1-0.9-2.1-2.1c0-1.1,0.9-2.1,2.1-2.1c1.1,0,2.1,0.9,2.1,2.1C7.4,6.5,6.5,7.4,5.3,7.4z M20.5,20.5h-3.6 v-5.6c0-1.3,0-3-1.8-3c-1.9,0-2.1,1.4-2.1,2.9v5.7H9.4V9h3.4v1.6h0c0.5-0.9,1.6-1.8,3.4-1.8c3.6,0,4.3,2.4,4.3,5.5V20.5z\" \/><\/g><\/svg><\/span><\/a><\/div>\n<\/div>\n<div class=\"brz-wrapper-clone__item brz-css-biqkz brz-css-prvag\" id=\"grlidnhtxdbxopvforetkzuvibuyiuxmfwsz\">\n<div id class=\"brz-icon__container\" data-custom-id=\"grlidnhtxdbxopvforetkzuvibuyiuxmfwsz\"><a class=\"brz-a\" href=\"https:\/\/www.instagram.com\/domainecouvent\/\" data-brz-link-type=\"external\" id><span class=\"brz-span brz-icon css-1flr95o\"><svg version=\"1.1\" xmlns=\"http:\/\/www.w3.org\/2000\/svg\" xmlns:xlink=\"http:\/\/www.w3.org\/1999\/xlink\" x=\"0px\" y=\"0px\" viewbox=\"0 0 24 24\" xml:space=\"preserve\" class=\"brz-icon-svg\" data-type=\"glyph\" data-name=\"logo-instagram\"><g class=\"nc-icon-wrapper\" fill=\"currentColor\"><path fill=\"currentColor\" d=\"M12,2.162c3.204,0,3.584,0.012,4.849,0.07c1.366,0.062,2.633,0.336,3.608,1.311 c0.975,0.975,1.249,2.242,1.311,3.608c0.058,1.265,0.07,1.645,0.07,4.849s-0.012,3.584-0.07,4.849 c-0.062,1.366-0.336,2.633-1.311,3.608c-0.975,0.975-2.242,1.249-3.608,1.311c-1.265,0.058-1.645,0.07-4.849,0.07 s-3.584-0.012-4.849-0.07c-1.366-0.062-2.633-0.336-3.608-1.311c-0.975-0.975-1.249-2.242-1.311-3.608 c-0.058-1.265-0.07-1.645-0.07-4.849s0.012-3.584,0.07-4.849c0.062-1.366,0.336-2.633,1.311-3.608 c0.975-0.975,2.242-1.249,3.608-1.311C8.416,2.174,8.796,2.162,12,2.162 M12,0C8.741,0,8.332,0.014,7.052,0.072 c-1.95,0.089-3.663,0.567-5.038,1.942C0.639,3.389,0.161,5.102,0.072,7.052C0.014,8.332,0,8.741,0,12 c0,3.259,0.014,3.668,0.072,4.948c0.089,1.95,0.567,3.663,1.942,5.038c1.375,1.375,3.088,1.853,5.038,1.942 C8.332,23.986,8.741,24,12,24s3.668-0.014,4.948-0.072c1.95-0.089,3.663-0.567,5.038-1.942c1.375-1.375,1.853-3.088,1.942-5.038 C23.986,15.668,24,15.259,24,12s-0.014-3.668-0.072-4.948c-0.089-1.95-0.567-3.663-1.942-5.038 c-1.375-1.375-3.088-1.853-5.038-1.942C15.668,0.014,15.259,0,12,0L12,0z\" \/> <path data-color=\"color-2\" fill=\"currentColor\" d=\"M12,5.838c-3.403,0-6.162,2.759-6.162,6.162S8.597,18.162,12,18.162s6.162-2.759,6.162-6.162 S15.403,5.838,12,5.838z M12,16c-2.209,0-4-1.791-4-4s1.791-4,4-4s4,1.791,4,4S14.209,16,12,16z\" \/> <circle data-color=\"color-2\" fill=\"currentColor\" cx=\"18.406\" cy=\"5.594\" r=\"1.44\" \/><\/g><\/svg><\/span><\/a><\/div>\n<\/div>\n<\/div>\n<\/div>\n<\/div>\n<\/div>\n<\/div>\n<\/div>\n<\/div>\n<\/div>\n<\/section>\n<\/div>\n<p><!-- version:1732270353 --><\/p>\n","protected":false},"excerpt":{"rendered":"<p>CONDUITE DU VIGNOBLE Situ\u00e9 dans des climats r\u00e9put\u00e9s, l\u2019essentiel du domaine est compos\u00e9 majoritairement de vieilles vignes, 70% des vignes ayant plus de 50 ans. Dans une philosophie de laisser s\u2019exprimer ses vieilles vignes le plus naturellement possible, nous travaillons nos vignes avec sensibilit\u00e9 et passion, toujours dans le but d\u2019illustrer un maximum le terroir &hellip;<\/p>\n<p class=\"read-more\"> <a class=\"\" href=\"https:\/\/www.domaineducouvent.com\/index.php\/conduite-vignoble\/\"> <span class=\"screen-reader-text\">Conduite Vignoble<\/span> Lire la suite \u00bb<\/a><\/p>\n","protected":false},"author":1,"featured_media":0,"parent":0,"menu_order":0,"comment_status":"closed","ping_status":"closed","template":"","meta":[],"yoast_head":"<!-- This site is optimized with the Yoast SEO plugin v19.2 - https:\/\/yoast.com\/wordpress\/plugins\/seo\/ -->\n<title>Conduite Vignoble - Domaine du Couvent - Philippe Cheron<\/title>\n<meta name=\"robots\" content=\"index, follow, max-snippet:-1, max-image-preview:large, max-video-preview:-1\" \/>\n<link rel=\"canonical\" href=\"https:\/\/www.domaineducouvent.com\/index.php\/conduite-vignoble\/\" \/>\n<meta property=\"og:locale\" content=\"fr_FR\" \/>\n<meta property=\"og:type\" content=\"article\" \/>\n<meta property=\"og:title\" content=\"Conduite Vignoble - Domaine du Couvent - Philippe Cheron\" \/>\n<meta property=\"og:description\" content=\"CONDUITE DU VIGNOBLE Situ\u00e9 dans des climats r\u00e9put\u00e9s, l\u2019essentiel du domaine est compos\u00e9 majoritairement de vieilles vignes, 70% des vignes ayant plus de 50 ans. Dans une philosophie de laisser s\u2019exprimer ses vieilles vignes le plus naturellement possible, nous travaillons nos vignes avec sensibilit\u00e9 et passion, toujours dans le but d\u2019illustrer un maximum le terroir &hellip; Conduite Vignoble Lire la suite \u00bb\" \/>\n<meta property=\"og:url\" content=\"https:\/\/www.domaineducouvent.com\/index.php\/conduite-vignoble\/\" \/>\n<meta property=\"og:site_name\" content=\"Domaine du Couvent - Philippe Cheron\" \/>\n<meta property=\"article:modified_time\" content=\"2024-11-22T10:12:33+00:00\" \/>\n<meta property=\"og:image\" content=\"https:\/\/www.domaineducouvent.com\/wp-content\/uploads\/brizy\/imgs\/LOGO-COUVENT-BLANC-75x93x3x0x68x93x1627983768.png\" \/>\n<meta name=\"author\" content=\"admin5320\" \/>\n<meta name=\"twitter:card\" content=\"summary_large_image\" \/>\n<meta name=\"twitter:label1\" content=\"Dur\u00e9e de lecture estim\u00e9e\" \/>\n\t<meta name=\"twitter:data1\" content=\"2 minutes\" \/>\n<script type=\"application\/ld+json\" class=\"yoast-schema-graph\">{\"@context\":\"https:\/\/schema.org\",\"@graph\":[{\"@type\":\"WebSite\",\"@id\":\"https:\/\/www.domaineducouvent.com\/#website\",\"url\":\"https:\/\/www.domaineducouvent.com\/\",\"name\":\"Domaine du Couvent - Philippe Cheron\",\"description\":\"Vigneron au service des Climats\",\"potentialAction\":[{\"@type\":\"SearchAction\",\"target\":{\"@type\":\"EntryPoint\",\"urlTemplate\":\"https:\/\/www.domaineducouvent.com\/?s={search_term_string}\"},\"query-input\":\"required name=search_term_string\"}],\"inLanguage\":\"fr-FR\"},{\"@type\":\"ImageObject\",\"inLanguage\":\"fr-FR\",\"@id\":\"https:\/\/www.domaineducouvent.com\/index.php\/conduite-vignoble\/#primaryimage\",\"url\":\"https:\/\/www.domaineducouvent.com\/wp-content\/uploads\/brizy\/imgs\/LOGO-COUVENT-BLANC-75x93x3x0x68x93x1627983768.png\",\"contentUrl\":\"https:\/\/www.domaineducouvent.com\/wp-content\/uploads\/brizy\/imgs\/LOGO-COUVENT-BLANC-75x93x3x0x68x93x1627983768.png\"},{\"@type\":\"WebPage\",\"@id\":\"https:\/\/www.domaineducouvent.com\/index.php\/conduite-vignoble\/#webpage\",\"url\":\"https:\/\/www.domaineducouvent.com\/index.php\/conduite-vignoble\/\",\"name\":\"Conduite Vignoble - Domaine du Couvent - Philippe Cheron\",\"isPartOf\":{\"@id\":\"https:\/\/www.domaineducouvent.com\/#website\"},\"primaryImageOfPage\":{\"@id\":\"https:\/\/www.domaineducouvent.com\/index.php\/conduite-vignoble\/#primaryimage\"},\"datePublished\":\"2021-07-29T09:39:11+00:00\",\"dateModified\":\"2024-11-22T10:12:33+00:00\",\"breadcrumb\":{\"@id\":\"https:\/\/www.domaineducouvent.com\/index.php\/conduite-vignoble\/#breadcrumb\"},\"inLanguage\":\"fr-FR\",\"potentialAction\":[{\"@type\":\"ReadAction\",\"target\":[\"https:\/\/www.domaineducouvent.com\/index.php\/conduite-vignoble\/\"]}]},{\"@type\":\"BreadcrumbList\",\"@id\":\"https:\/\/www.domaineducouvent.com\/index.php\/conduite-vignoble\/#breadcrumb\",\"itemListElement\":[{\"@type\":\"ListItem\",\"position\":1,\"name\":\"Accueil\",\"item\":\"https:\/\/www.domaineducouvent.com\/\"},{\"@type\":\"ListItem\",\"position\":2,\"name\":\"Conduite Vignoble\"}]}]}<\/script>\n<!-- \/ Yoast SEO plugin. -->","yoast_head_json":{"title":"Conduite Vignoble - Domaine du Couvent - Philippe Cheron","robots":{"index":"index","follow":"follow","max-snippet":"max-snippet:-1","max-image-preview":"max-image-preview:large","max-video-preview":"max-video-preview:-1"},"canonical":"https:\/\/www.domaineducouvent.com\/index.php\/conduite-vignoble\/","og_locale":"fr_FR","og_type":"article","og_title":"Conduite Vignoble - Domaine du Couvent - Philippe Cheron","og_description":"CONDUITE DU VIGNOBLE Situ\u00e9 dans des climats r\u00e9put\u00e9s, l\u2019essentiel du domaine est compos\u00e9 majoritairement de vieilles vignes, 70% des vignes ayant plus de 50 ans. Dans une philosophie de laisser s\u2019exprimer ses vieilles vignes le plus naturellement possible, nous travaillons nos vignes avec sensibilit\u00e9 et passion, toujours dans le but d\u2019illustrer un maximum le terroir &hellip; Conduite Vignoble Lire la suite \u00bb","og_url":"https:\/\/www.domaineducouvent.com\/index.php\/conduite-vignoble\/","og_site_name":"Domaine du Couvent - Philippe Cheron","article_modified_time":"2024-11-22T10:12:33+00:00","og_image":[{"url":"https:\/\/www.domaineducouvent.com\/wp-content\/uploads\/brizy\/imgs\/LOGO-COUVENT-BLANC-75x93x3x0x68x93x1627983768.png"}],"author":"admin5320","twitter_card":"summary_large_image","twitter_misc":{"Dur\u00e9e de lecture estim\u00e9e":"2 minutes"},"schema":{"@context":"https:\/\/schema.org","@graph":[{"@type":"WebSite","@id":"https:\/\/www.domaineducouvent.com\/#website","url":"https:\/\/www.domaineducouvent.com\/","name":"Domaine du Couvent - Philippe Cheron","description":"Vigneron au service des Climats","potentialAction":[{"@type":"SearchAction","target":{"@type":"EntryPoint","urlTemplate":"https:\/\/www.domaineducouvent.com\/?s={search_term_string}"},"query-input":"required name=search_term_string"}],"inLanguage":"fr-FR"},{"@type":"ImageObject","inLanguage":"fr-FR","@id":"https:\/\/www.domaineducouvent.com\/index.php\/conduite-vignoble\/#primaryimage","url":"https:\/\/www.domaineducouvent.com\/wp-content\/uploads\/brizy\/imgs\/LOGO-COUVENT-BLANC-75x93x3x0x68x93x1627983768.png","contentUrl":"https:\/\/www.domaineducouvent.com\/wp-content\/uploads\/brizy\/imgs\/LOGO-COUVENT-BLANC-75x93x3x0x68x93x1627983768.png"},{"@type":"WebPage","@id":"https:\/\/www.domaineducouvent.com\/index.php\/conduite-vignoble\/#webpage","url":"https:\/\/www.domaineducouvent.com\/index.php\/conduite-vignoble\/","name":"Conduite Vignoble - Domaine du Couvent - Philippe Cheron","isPartOf":{"@id":"https:\/\/www.domaineducouvent.com\/#website"},"primaryImageOfPage":{"@id":"https:\/\/www.domaineducouvent.com\/index.php\/conduite-vignoble\/#primaryimage"},"datePublished":"2021-07-29T09:39:11+00:00","dateModified":"2024-11-22T10:12:33+00:00","breadcrumb":{"@id":"https:\/\/www.domaineducouvent.com\/index.php\/conduite-vignoble\/#breadcrumb"},"inLanguage":"fr-FR","potentialAction":[{"@type":"ReadAction","target":["https:\/\/www.domaineducouvent.com\/index.php\/conduite-vignoble\/"]}]},{"@type":"BreadcrumbList","@id":"https:\/\/www.domaineducouvent.com\/index.php\/conduite-vignoble\/#breadcrumb","itemListElement":[{"@type":"ListItem","position":1,"name":"Accueil","item":"https:\/\/www.domaineducouvent.com\/"},{"@type":"ListItem","position":2,"name":"Conduite Vignoble"}]}]}},"uagb_featured_image_src":{"full":false,"thumbnail":false,"medium":false,"medium_large":false,"large":false,"1536x1536":false,"2048x2048":false},"uagb_author_info":{"display_name":"admin5320","author_link":"https:\/\/www.domaineducouvent.com\/index.php\/author\/admin5320\/"},"uagb_comment_info":0,"uagb_excerpt":"CONDUITE DU VIGNOBLE Situ\u00e9 dans des climats r\u00e9put\u00e9s, l\u2019essentiel du domaine est compos\u00e9 majoritairement de vieilles vignes, 70% des vignes ayant plus de 50 ans. Dans une philosophie de laisser s\u2019exprimer ses vieilles vignes le plus naturellement possible, nous travaillons nos vignes avec sensibilit\u00e9 et passion, toujours dans le but d\u2019illustrer un maximum le terroir\u2026","_links":{"self":[{"href":"https:\/\/www.domaineducouvent.com\/index.php\/wp-json\/wp\/v2\/pages\/15"}],"collection":[{"href":"https:\/\/www.domaineducouvent.com\/index.php\/wp-json\/wp\/v2\/pages"}],"about":[{"href":"https:\/\/www.domaineducouvent.com\/index.php\/wp-json\/wp\/v2\/types\/page"}],"author":[{"embeddable":true,"href":"https:\/\/www.domaineducouvent.com\/index.php\/wp-json\/wp\/v2\/users\/1"}],"replies":[{"embeddable":true,"href":"https:\/\/www.domaineducouvent.com\/index.php\/wp-json\/wp\/v2\/comments?post=15"}],"version-history":[{"count":15,"href":"https:\/\/www.domaineducouvent.com\/index.php\/wp-json\/wp\/v2\/pages\/15\/revisions"}],"predecessor-version":[{"id":2258,"href":"https:\/\/www.domaineducouvent.com\/index.php\/wp-json\/wp\/v2\/pages\/15\/revisions\/2258"}],"wp:attachment":[{"href":"https:\/\/www.domaineducouvent.com\/index.php\/wp-json\/wp\/v2\/media?parent=15"}],"curies":[{"name":"wp","href":"https:\/\/api.w.org\/{rel}","templated":true}]}}