{"id":1425,"date":"2021-08-04T15:37:50","date_gmt":"2021-08-04T13:37:50","guid":{"rendered":"https:\/\/www.domaineducouvent.com\/?page_id=1425"},"modified":"2025-11-14T11:47:07","modified_gmt":"2025-11-14T10:47:07","slug":"nuits-saint-georges-1er-cru-aux-murgers","status":"publish","type":"page","link":"https:\/\/www.domaineducouvent.com\/index.php\/nuits-saint-georges-1er-cru-aux-murgers\/","title":{"rendered":"Nuits Saint Georges 1er Cru &#8211; Aux Murgers"},"content":{"rendered":"<div class=\"brz-root__container brz-reset-all\">\n<section data-uid=\"cnsgbzqulusmezudkblioqhdaeftdpzkoncq\" id=\"cnsgbzqulusmezudkblioqhdaeftdpzkoncq\" class=\"brz-section brz-css-mnhkg\">\n<div class=\"brz-section__content brz-section--boxed brz-css-hgbbs brz-css-gggmg\" data-custom-id=\"vsdshpdzeztmzvstekqsfozteknsheclzpes\">\n<div class=\"brz-bg\">\n<div class=\"brz-bg-image\"><\/div>\n<div class=\"brz-bg-color\"><\/div>\n<\/div>\n<div class=\"brz-container brz-css-qrwnd\">\n<div class=\"brz-row__container brz-css-gxlob\" data-custom-id=\"ahvmewtkyuujczawauavdeuolilvnrwcxwhn\">\n<div class=\"brz-row brz-css-qqlbi brz-css-jlxii\">\n<div class=\"brz-columns brz-css-qhzpl brz-css-tjemt\" data-custom-id=\"czdxayacoxavdrtwxpdbwvtvhhjnekzrfosq\">\n<div class=\"brz-bg\">\n<div class=\"brz-bg-color\"><\/div>\n<\/div>\n<div class=\"brz-column__items brz-css-majdy\">\n<div class=\"brz-css-oyxdy brz-wrapper\">\n<div class=\"brz-rich-text brz-rich-text__custom brz-css-xdafd\" data-custom-id=\"senwhyhwpfltmkuwlnteghwjhkaqjoggmepr\">\n<div>\n<p class=\"brz-css-lbomp\" data-uniq-id=\"yypzt\" data-generated-css=\"brz-css-yowvp\"><em class=\"brz-cp-color8\" style=\"letter-spacing: 0px; text-decoration-line: initial; text-transform: initial; background-color: initial; word-spacing: normal;\">NUITS SAINT GEORGES PREMIER CRU &#8211; AUX MURGERS <\/em><\/p>\n<\/div>\n<\/div>\n<\/div>\n<\/div>\n<\/div>\n<\/div>\n<\/div>\n<div class=\"brz-row__container brz-css-gxlob\" data-custom-id=\"kvnndsxnrcupngiqayfwenpukfkrttzarhzh\">\n<div class=\"brz-row brz-css-qqlbi brz-css-jlxii\">\n<div class=\"brz-columns brz-css-qhzpl brz-css-fqvxz\" data-custom-id=\"hdxezwyesdmkcazshqeiithfqncxvmqwneya\">\n<div class=\"brz-column__items brz-css-majdy\">\n<div class=\"brz-css-oyxdy brz-wrapper\">\n<div class=\"brz-line brz-line-default brz-css-aasel brz-css-pwsai\" data-custom-id=\"sbnymmfhypldhblyqqaxmedhmddpwzzrorjp\">\n<hr class=\"brz-hr\" \/><\/div>\n<\/div>\n<\/div>\n<\/div>\n<\/div>\n<\/div>\n<div class=\"brz-row__container brz-css-gxlob\" data-custom-id=\"jaxogajjvkmdvuntfxtcdwlslkszmmdcauzs\">\n<div class=\"brz-row brz-css-qqlbi brz-css-jlxii\">\n<div data-iteration-count=\"1\" class=\"brz-columns brz-css-qhzpl brz-css-towyw brz-animated brz-css-vxlgc brz-css-toayu\" data-custom-id=\"tkhffaxmolkesmorzviajwhaytlaepxtttvl\">\n<div class=\"brz-column__items brz-css-majdy\">\n<div class=\"brz-css-oyxdy brz-wrapper\">\n<div class=\"brz-image brz-css-qevrq\"><picture class=\"brz-picture brz-d-block brz-p-relative brz-css-ofsod\" data-custom-id=\"evuawqflkbelvrprbvzlshswglfsvckagafj\"><source srcset=\"https:\/\/www.domaineducouvent.com\/wp-content\/uploads\/brizy\/imgs\/Murgers-scaled-521x781x0x78x521x687x1652702067.jpg 1x, https:\/\/www.domaineducouvent.com\/wp-content\/uploads\/brizy\/imgs\/Murgers-scaled-1042x1562x0x156x1042x1374x1652702067.jpg 2x\" media=\"(min-width: 992px)\" \/><source srcset=\"https:\/\/www.domaineducouvent.com\/wp-content\/uploads\/brizy\/imgs\/Murgers-scaled-332x498x0x50x332x438x1652702067.jpg 1x, https:\/\/www.domaineducouvent.com\/wp-content\/uploads\/brizy\/imgs\/Murgers-scaled-664x996x0x100x664x876x1652702067.jpg 2x\" media=\"(min-width: 768px)\" \/><img class=\"brz-img\" srcset=\"https:\/\/www.domaineducouvent.com\/wp-content\/uploads\/brizy\/imgs\/Murgers-scaled-409x613x0x61x409x539x1652702067.jpg 1x, https:\/\/www.domaineducouvent.com\/wp-content\/uploads\/brizy\/imgs\/Murgers-scaled-818x1226x0x122x818x1078x1652702067.jpg 2x\" src=\"https:\/\/www.domaineducouvent.com\/wp-content\/uploads\/brizy\/imgs\/Murgers-scaled-521x781x0x78x521x687x1652702067.jpg\" alt=\"\" draggable=\"false\" loading=\"lazy\" \/><\/picture><\/div>\n<\/div>\n<\/div>\n<\/div>\n<div data-iteration-count=\"1\" class=\"brz-columns brz-css-qhzpl brz-css-ihtfi brz-animated brz-css-oxrti brz-css-fbhoh\" data-custom-id=\"tgsljbvboakrfiumdixfbotwqwbkdtyzfmcm\">\n<div class=\"brz-bg\">\n<div class=\"brz-bg-color\"><\/div>\n<\/div>\n<div class=\"brz-column__items brz-css-majdy\">\n<div class=\"brz-row__container brz-css-gxlob\" data-custom-id=\"azutnbbcozxlhhbzsddqwdmizxkjkzpqumlk\">\n<div class=\"brz-row brz-row--inner brz-css-qqlbi\">\n<div class=\"brz-columns brz-css-qhzpl brz-css-wcepk\" data-custom-id=\"eyuszapagfzhwcktgwpwdctlgfcplzxmzpko\">\n<div class=\"brz-column__items brz-css-majdy\">\n<div class=\"brz-css-oyxdy brz-wrapper\">\n<div class=\"brz-rich-text brz-rich-text__custom brz-css-xdafd\" data-custom-id=\"ypspmqopyavaoowxszibjnslhsswhvyrvusf\">\n<div>\n<p class=\"brz-css-xvebn\" data-uniq-id=\"wcfti\" data-generated-css=\"brz-css-wolpi\"><span class=\"brz-cp-color8\">Situ\u00e9 \u00e0 mi-chemin des villages de Nuits et Vosne, \u00e0 la base du coteau, sous la Richemone et au sud des Boudots, le climat Aux Murgers tient son nom de l\u2019abondance de pierres qui, au fil des si\u00e8cles, ont \u00e9t\u00e9 accumul\u00e9es en tas sur les contours par les vignerons. La pente est douce, l\u2019\u00e9quilibre argilocalcaire optimal et l\u2019exposition plein est parfaite. La parcelle du domaine couvre 0,21ha autorisant les ann\u00e9es favorables une production de 1000 bouteilles, souvent moins du fait d\u2019un enc\u00e9pagement en tr\u00e8s vieilles vignes. C\u2019est donc la plus rare des cuv\u00e9es du Domaine du Couvent. Elle fait partie des parcelles historiques acquises par Paul Misset en 1939, mais c\u2019est \u00e9galement celle qui\u00a0\u00a0rejoint la production le plus tardivement, apr\u00e8s 77 ans de fermage. La maturit\u00e9 est souvent plus pr\u00e9coce que dans le reste du domaine. La nature du terroir est g\u00e9n\u00e9reuse donnant un vin particuli\u00e8rement complet, marqu\u00e9 par les fruits noirs, \u00e0 la fois puissant et ample. Sa remarquable structure autorise une vinification 100 % vendange enti\u00e8re qui renforce la densit\u00e9 et la profondeur. L\u2019\u00e9levage est conduit avec un tiers de futs neufs pendant 18 mois. Sa forte personnalit\u00e9 conf\u00e8re aux Murgers une r\u00e9elle aptitude \u00e0 la garde. <\/span><\/p>\n<\/div>\n<\/div>\n<\/div>\n<\/div>\n<\/div>\n<\/div>\n<\/div>\n<\/div>\n<\/div>\n<\/div>\n<\/div>\n<\/div>\n<\/div>\n<\/section>\n<section data-uid=\"omnzoflfdscbfililwfzgxakidgpjqwptymx\" id=\"omnzoflfdscbfililwfzgxakidgpjqwptymx\" class=\"brz-section brz-css-mnhkg\">\n<div class=\"brz-section__content brz-section--boxed brz-css-hgbbs brz-css-bekpr\" data-custom-id=\"whmcudhdejnxqmoefquoqrkmhixfbelayijb\">\n<div class=\"brz-bg\">\n<div class=\"brz-bg-color\"><\/div>\n<\/div>\n<div class=\"brz-container brz-css-qrwnd\">\n<div class=\"brz-row__container brz-css-gxlob\" data-custom-id=\"tuzjvvsuqkuoxsilishdptjoshuwkdxftvty\">\n<div class=\"brz-row brz-css-qqlbi brz-css-jlxii\">\n<div class=\"brz-columns brz-css-qhzpl brz-css-jvqde\" data-custom-id=\"akueplgaqdvrjflmxfukpbalaekzfiqrznjl\">\n<div class=\"brz-column__items brz-css-majdy\">\n<div class=\"brz-css-oyxdy brz-wrapper\">\n<div class=\"brz-rich-text brz-rich-text__custom brz-css-xdafd\" data-custom-id=\"vgygafbclpgrrzfkyvqmuyqczzvhzaptgery\">\n<div>\n<p class=\"brz-css-bpzoe\" data-generated-css=\"brz-css-avdat\" data-uniq-id=\"iklxm\"><span class=\"brz-cp-color8\" style=\"opacity: 1;\">Domaine du Couvent<\/span><\/p>\n<p class=\"brz-css-zczpm\" data-generated-css=\"brz-css-shpay\" data-uniq-id=\"lquyu\"><span class=\"brz-cp-color8\" style=\"opacity: 1;\">7 rue de la croix des champs <\/span><\/p>\n<p class=\"brz-css-xsjar\" data-generated-css=\"brz-css-hkwuf\" data-uniq-id=\"fuofd\"><span class=\"brz-cp-color8\" style=\"opacity: 1;\">21220 Gevrey Chambertin <\/span><\/p>\n<\/div>\n<\/div>\n<\/div>\n<\/div>\n<\/div>\n<div class=\"brz-columns brz-css-qhzpl brz-css-vokuk\" data-custom-id=\"sbwxlogxdbswzaqskhbtpkicuuxpnehwdsxh\">\n<div class=\"brz-column__items brz-css-majdy\">\n<div class=\"brz-css-oyxdy brz-wrapper\">\n<div class=\"brz-image brz-css-cwyfw\"><picture class=\"brz-picture brz-d-block brz-p-relative brz-css-izncp\" data-custom-id=\"apecdlnaxlwunxnzjhstqeghhkadcdufnesx\"><source srcset=\"https:\/\/www.domaineducouvent.com\/wp-content\/uploads\/brizy\/imgs\/LOGO-COUVENT-BLANC-75x93x3x0x68x93x1627983768.png 1x, https:\/\/www.domaineducouvent.com\/wp-content\/uploads\/brizy\/imgs\/LOGO-COUVENT-BLANC-150x186x6x0x136x186x1627983768.png 2x\" media=\"(min-width: 992px)\" \/><source srcset=\"https:\/\/www.domaineducouvent.com\/wp-content\/uploads\/brizy\/imgs\/LOGO-COUVENT-BLANC-100x124x8x0x84x124x1627983768.png 1x, https:\/\/www.domaineducouvent.com\/wp-content\/uploads\/brizy\/imgs\/LOGO-COUVENT-BLANC-200x248x16x0x168x248x1627983768.png 2x\" media=\"(min-width: 768px)\" \/><img class=\"brz-img\" srcset=\"https:\/\/www.domaineducouvent.com\/wp-content\/uploads\/brizy\/imgs\/LOGO-COUVENT-BLANC-68x84x6x0x56x84x1627983768.png 1x, https:\/\/www.domaineducouvent.com\/wp-content\/uploads\/brizy\/imgs\/LOGO-COUVENT-BLANC-136x168x12x0x112x168x1627983768.png 2x\" src=\"https:\/\/www.domaineducouvent.com\/wp-content\/uploads\/brizy\/imgs\/LOGO-COUVENT-BLANC-75x93x3x0x68x93x1627983768.png\" alt=\"\" draggable=\"false\" loading=\"lazy\" \/><\/picture><\/div>\n<\/div>\n<\/div>\n<\/div>\n<div class=\"brz-columns brz-css-qhzpl brz-css-vrgfi\" data-custom-id=\"hhofukxduioipjfelsbthrknjanutfhvtqvj\">\n<div class=\"brz-column__items brz-css-majdy\">\n<div class=\"brz-css-oyxdy brz-wrapper\">\n<div class=\"brz-rich-text brz-rich-text__custom brz-css-xdafd\" data-custom-id=\"tflaoqavwspjijhhwjfaihorbfxldmehuums\">\n<div>\n<p class=\"brz-css-zwvlc\" data-uniq-id=\"ighdj\" data-generated-css=\"brz-css-qryym\"><span class=\"brz-cp-color8\">Philippe Ch\u00e9ron<\/span><\/p>\n<p class=\"brz-css-lefrh\" data-uniq-id=\"wvwcw\" data-generated-css=\"brz-css-cpebf\"><span class=\"brz-cp-color8\">03 80 34 30 30 <\/span><\/p>\n<\/div>\n<\/div>\n<\/div>\n<div class=\"brz-wrapper-clone brz-css-yhtxd\">\n<div class=\"brz-d-xs-flex brz-flex-xs-wrap brz-css-izpke brz-css-eyclv\">\n<div class=\"brz-wrapper-clone__item brz-css-lamna brz-css-meipx\" id=\"eefqohhbtqyedthlpzidghyzetuuwyoysndw\">\n<div id class=\"brz-icon__container\" data-custom-id=\"eefqohhbtqyedthlpzidghyzetuuwyoysndw\"><a class=\"brz-a\" href=\"https:\/\/www.facebook.com\/profile.php?id=100071013171661\" data-brz-link-type=\"external\" id><span class=\"brz-span brz-icon css-16ajnmp\"><svg version=\"1.1\" xmlns=\"http:\/\/www.w3.org\/2000\/svg\" xmlns:xlink=\"http:\/\/www.w3.org\/1999\/xlink\" x=\"0px\" y=\"0px\" viewbox=\"0 0 24 24\" xml:space=\"preserve\" class=\"brz-icon-svg\" data-type=\"glyph\" data-name=\"logo-facebook\"><g class=\"nc-icon-wrapper\" fill=\"currentColor\"><path fill=\"currentColor\" d=\"M22,0H2C0.895,0,0,0.895,0,2v20c0,1.105,0.895,2,2,2h11v-9h-3v-4h3V8.413c0-3.1,1.893-4.788,4.659-4.788 c1.325,0,2.463,0.099,2.795,0.143v3.24l-1.918,0.001c-1.504,0-1.795,0.715-1.795,1.763V11h4.44l-1,4h-3.44v9H22c1.105,0,2-0.895,2-2 V2C24,0.895,23.105,0,22,0z\" \/><\/g><\/svg><\/span><\/a><\/div>\n<\/div>\n<div class=\"brz-wrapper-clone__item brz-css-lamna brz-css-meipx\" id=\"drenirazsmksejxqwszqtojeukguaeckzgtz\">\n<div id class=\"brz-icon__container\" data-custom-id=\"drenirazsmksejxqwszqtojeukguaeckzgtz\"><a class=\"brz-a\" href=\"https:\/\/www.linkedin.com\/company\/domaine-du-couvent-philippe-cheron\/\" data-brz-link-type=\"external\" id><span class=\"brz-span brz-icon css-1flr95o\"><svg version=\"1.1\" xmlns=\"http:\/\/www.w3.org\/2000\/svg\" xmlns:xlink=\"http:\/\/www.w3.org\/1999\/xlink\" x=\"0px\" y=\"0px\" viewbox=\"0 0 24 24\" xml:space=\"preserve\" class=\"brz-icon-svg\" data-type=\"glyph\" data-name=\"logo-linkedin\"><g class=\"nc-icon-wrapper\" fill=\"currentColor\"><path fill=\"currentColor\" d=\"M23,0H1C0.4,0,0,0.4,0,1v22c0,0.6,0.4,1,1,1h22c0.6,0,1-0.4,1-1V1C24,0.4,23.6,0,23,0z M7.1,20.5H3.6V9h3.6 V20.5z M5.3,7.4c-1.1,0-2.1-0.9-2.1-2.1c0-1.1,0.9-2.1,2.1-2.1c1.1,0,2.1,0.9,2.1,2.1C7.4,6.5,6.5,7.4,5.3,7.4z M20.5,20.5h-3.6 v-5.6c0-1.3,0-3-1.8-3c-1.9,0-2.1,1.4-2.1,2.9v5.7H9.4V9h3.4v1.6h0c0.5-0.9,1.6-1.8,3.4-1.8c3.6,0,4.3,2.4,4.3,5.5V20.5z\" \/><\/g><\/svg><\/span><\/a><\/div>\n<\/div>\n<div class=\"brz-wrapper-clone__item brz-css-lamna brz-css-meipx\" id=\"hjzwhjpixscrfbeonauwcsjbzznkbrokzofb\">\n<div id class=\"brz-icon__container\" data-custom-id=\"hjzwhjpixscrfbeonauwcsjbzznkbrokzofb\"><a class=\"brz-a\" href=\"https:\/\/www.instagram.com\/domainecouvent\/\" data-brz-link-type=\"external\" id><span class=\"brz-span brz-icon css-1flr95o\"><svg version=\"1.1\" xmlns=\"http:\/\/www.w3.org\/2000\/svg\" xmlns:xlink=\"http:\/\/www.w3.org\/1999\/xlink\" x=\"0px\" y=\"0px\" viewbox=\"0 0 24 24\" xml:space=\"preserve\" class=\"brz-icon-svg\" data-type=\"glyph\" data-name=\"logo-instagram\"><g class=\"nc-icon-wrapper\" fill=\"currentColor\"><path fill=\"currentColor\" d=\"M12,2.162c3.204,0,3.584,0.012,4.849,0.07c1.366,0.062,2.633,0.336,3.608,1.311 c0.975,0.975,1.249,2.242,1.311,3.608c0.058,1.265,0.07,1.645,0.07,4.849s-0.012,3.584-0.07,4.849 c-0.062,1.366-0.336,2.633-1.311,3.608c-0.975,0.975-2.242,1.249-3.608,1.311c-1.265,0.058-1.645,0.07-4.849,0.07 s-3.584-0.012-4.849-0.07c-1.366-0.062-2.633-0.336-3.608-1.311c-0.975-0.975-1.249-2.242-1.311-3.608 c-0.058-1.265-0.07-1.645-0.07-4.849s0.012-3.584,0.07-4.849c0.062-1.366,0.336-2.633,1.311-3.608 c0.975-0.975,2.242-1.249,3.608-1.311C8.416,2.174,8.796,2.162,12,2.162 M12,0C8.741,0,8.332,0.014,7.052,0.072 c-1.95,0.089-3.663,0.567-5.038,1.942C0.639,3.389,0.161,5.102,0.072,7.052C0.014,8.332,0,8.741,0,12 c0,3.259,0.014,3.668,0.072,4.948c0.089,1.95,0.567,3.663,1.942,5.038c1.375,1.375,3.088,1.853,5.038,1.942 C8.332,23.986,8.741,24,12,24s3.668-0.014,4.948-0.072c1.95-0.089,3.663-0.567,5.038-1.942c1.375-1.375,1.853-3.088,1.942-5.038 C23.986,15.668,24,15.259,24,12s-0.014-3.668-0.072-4.948c-0.089-1.95-0.567-3.663-1.942-5.038 c-1.375-1.375-3.088-1.853-5.038-1.942C15.668,0.014,15.259,0,12,0L12,0z\" \/> <path data-color=\"color-2\" fill=\"currentColor\" d=\"M12,5.838c-3.403,0-6.162,2.759-6.162,6.162S8.597,18.162,12,18.162s6.162-2.759,6.162-6.162 S15.403,5.838,12,5.838z M12,16c-2.209,0-4-1.791-4-4s1.791-4,4-4s4,1.791,4,4S14.209,16,12,16z\" \/> <circle data-color=\"color-2\" fill=\"currentColor\" cx=\"18.406\" cy=\"5.594\" r=\"1.44\" \/><\/g><\/svg><\/span><\/a><\/div>\n<\/div>\n<\/div>\n<\/div>\n<\/div>\n<\/div>\n<\/div>\n<\/div>\n<\/div>\n<\/div>\n<\/section>\n<\/div>\n<p><!-- version:1763117227 --><\/p>\n","protected":false},"excerpt":{"rendered":"<p>NUITS SAINT GEORGES PREMIER CRU &#8211; AUX MURGERS Situ\u00e9 \u00e0 mi-chemin des villages de Nuits et Vosne, \u00e0 la base du coteau, sous la Richemone et au sud des Boudots, le climat Aux Murgers tient son nom de l\u2019abondance de pierres qui, au fil des si\u00e8cles, ont \u00e9t\u00e9 accumul\u00e9es en tas sur les contours par &hellip;<\/p>\n<p class=\"read-more\"> <a class=\"\" href=\"https:\/\/www.domaineducouvent.com\/index.php\/nuits-saint-georges-1er-cru-aux-murgers\/\"> <span class=\"screen-reader-text\">Nuits Saint Georges 1er Cru &#8211; Aux Murgers<\/span> Lire la suite \u00bb<\/a><\/p>\n","protected":false},"author":1,"featured_media":0,"parent":0,"menu_order":0,"comment_status":"closed","ping_status":"closed","template":"","meta":[],"yoast_head":"<!-- This site is optimized with the Yoast SEO plugin v19.2 - https:\/\/yoast.com\/wordpress\/plugins\/seo\/ -->\n<title>Nuits Saint Georges 1er Cru - Aux Murgers - Domaine du Couvent - Philippe Cheron<\/title>\n<meta name=\"robots\" content=\"index, follow, max-snippet:-1, max-image-preview:large, max-video-preview:-1\" \/>\n<link rel=\"canonical\" href=\"https:\/\/www.domaineducouvent.com\/index.php\/nuits-saint-georges-1er-cru-aux-murgers\/\" \/>\n<meta property=\"og:locale\" content=\"fr_FR\" \/>\n<meta property=\"og:type\" content=\"article\" \/>\n<meta property=\"og:title\" content=\"Nuits Saint Georges 1er Cru - Aux Murgers - Domaine du Couvent - Philippe Cheron\" \/>\n<meta property=\"og:description\" content=\"NUITS SAINT GEORGES PREMIER CRU &#8211; AUX MURGERS Situ\u00e9 \u00e0 mi-chemin des villages de Nuits et Vosne, \u00e0 la base du coteau, sous la Richemone et au sud des Boudots, le climat Aux Murgers tient son nom de l\u2019abondance de pierres qui, au fil des si\u00e8cles, ont \u00e9t\u00e9 accumul\u00e9es en tas sur les contours par &hellip; Nuits Saint Georges 1er Cru &#8211; Aux Murgers Lire la suite \u00bb\" \/>\n<meta property=\"og:url\" content=\"https:\/\/www.domaineducouvent.com\/index.php\/nuits-saint-georges-1er-cru-aux-murgers\/\" \/>\n<meta property=\"og:site_name\" content=\"Domaine du Couvent - Philippe Cheron\" \/>\n<meta property=\"article:modified_time\" content=\"2025-11-14T10:47:07+00:00\" \/>\n<meta property=\"og:image\" content=\"https:\/\/www.domaineducouvent.com\/wp-content\/uploads\/brizy\/imgs\/Murgers-scaled-521x781x0x78x521x687x1652702067.jpg\" \/>\n<meta name=\"author\" content=\"admin5320\" \/>\n<meta name=\"twitter:card\" content=\"summary_large_image\" \/>\n<meta name=\"twitter:label1\" content=\"Dur\u00e9e de lecture estim\u00e9e\" \/>\n\t<meta name=\"twitter:data1\" content=\"2 minutes\" \/>\n<script type=\"application\/ld+json\" class=\"yoast-schema-graph\">{\"@context\":\"https:\/\/schema.org\",\"@graph\":[{\"@type\":\"WebSite\",\"@id\":\"https:\/\/www.domaineducouvent.com\/#website\",\"url\":\"https:\/\/www.domaineducouvent.com\/\",\"name\":\"Domaine du Couvent - Philippe Cheron\",\"description\":\"Vigneron au service des Climats\",\"potentialAction\":[{\"@type\":\"SearchAction\",\"target\":{\"@type\":\"EntryPoint\",\"urlTemplate\":\"https:\/\/www.domaineducouvent.com\/?s={search_term_string}\"},\"query-input\":\"required name=search_term_string\"}],\"inLanguage\":\"fr-FR\"},{\"@type\":\"ImageObject\",\"inLanguage\":\"fr-FR\",\"@id\":\"https:\/\/www.domaineducouvent.com\/index.php\/nuits-saint-georges-1er-cru-aux-murgers\/#primaryimage\",\"url\":\"https:\/\/www.domaineducouvent.com\/wp-content\/uploads\/brizy\/imgs\/Murgers-scaled-521x781x0x78x521x687x1652702067.jpg\",\"contentUrl\":\"https:\/\/www.domaineducouvent.com\/wp-content\/uploads\/brizy\/imgs\/Murgers-scaled-521x781x0x78x521x687x1652702067.jpg\"},{\"@type\":\"WebPage\",\"@id\":\"https:\/\/www.domaineducouvent.com\/index.php\/nuits-saint-georges-1er-cru-aux-murgers\/#webpage\",\"url\":\"https:\/\/www.domaineducouvent.com\/index.php\/nuits-saint-georges-1er-cru-aux-murgers\/\",\"name\":\"Nuits Saint Georges 1er Cru - Aux Murgers - Domaine du Couvent - Philippe Cheron\",\"isPartOf\":{\"@id\":\"https:\/\/www.domaineducouvent.com\/#website\"},\"primaryImageOfPage\":{\"@id\":\"https:\/\/www.domaineducouvent.com\/index.php\/nuits-saint-georges-1er-cru-aux-murgers\/#primaryimage\"},\"datePublished\":\"2021-08-04T13:37:50+00:00\",\"dateModified\":\"2025-11-14T10:47:07+00:00\",\"breadcrumb\":{\"@id\":\"https:\/\/www.domaineducouvent.com\/index.php\/nuits-saint-georges-1er-cru-aux-murgers\/#breadcrumb\"},\"inLanguage\":\"fr-FR\",\"potentialAction\":[{\"@type\":\"ReadAction\",\"target\":[\"https:\/\/www.domaineducouvent.com\/index.php\/nuits-saint-georges-1er-cru-aux-murgers\/\"]}]},{\"@type\":\"BreadcrumbList\",\"@id\":\"https:\/\/www.domaineducouvent.com\/index.php\/nuits-saint-georges-1er-cru-aux-murgers\/#breadcrumb\",\"itemListElement\":[{\"@type\":\"ListItem\",\"position\":1,\"name\":\"Accueil\",\"item\":\"https:\/\/www.domaineducouvent.com\/\"},{\"@type\":\"ListItem\",\"position\":2,\"name\":\"Nuits Saint Georges 1er Cru &#8211; Aux Murgers\"}]}]}<\/script>\n<!-- \/ Yoast SEO plugin. -->","yoast_head_json":{"title":"Nuits Saint Georges 1er Cru - Aux Murgers - Domaine du Couvent - Philippe Cheron","robots":{"index":"index","follow":"follow","max-snippet":"max-snippet:-1","max-image-preview":"max-image-preview:large","max-video-preview":"max-video-preview:-1"},"canonical":"https:\/\/www.domaineducouvent.com\/index.php\/nuits-saint-georges-1er-cru-aux-murgers\/","og_locale":"fr_FR","og_type":"article","og_title":"Nuits Saint Georges 1er Cru - Aux Murgers - Domaine du Couvent - Philippe Cheron","og_description":"NUITS SAINT GEORGES PREMIER CRU &#8211; AUX MURGERS Situ\u00e9 \u00e0 mi-chemin des villages de Nuits et Vosne, \u00e0 la base du coteau, sous la Richemone et au sud des Boudots, le climat Aux Murgers tient son nom de l\u2019abondance de pierres qui, au fil des si\u00e8cles, ont \u00e9t\u00e9 accumul\u00e9es en tas sur les contours par &hellip; Nuits Saint Georges 1er Cru &#8211; Aux Murgers Lire la suite \u00bb","og_url":"https:\/\/www.domaineducouvent.com\/index.php\/nuits-saint-georges-1er-cru-aux-murgers\/","og_site_name":"Domaine du Couvent - Philippe Cheron","article_modified_time":"2025-11-14T10:47:07+00:00","og_image":[{"url":"https:\/\/www.domaineducouvent.com\/wp-content\/uploads\/brizy\/imgs\/Murgers-scaled-521x781x0x78x521x687x1652702067.jpg"}],"author":"admin5320","twitter_card":"summary_large_image","twitter_misc":{"Dur\u00e9e de lecture estim\u00e9e":"2 minutes"},"schema":{"@context":"https:\/\/schema.org","@graph":[{"@type":"WebSite","@id":"https:\/\/www.domaineducouvent.com\/#website","url":"https:\/\/www.domaineducouvent.com\/","name":"Domaine du Couvent - Philippe Cheron","description":"Vigneron au service des Climats","potentialAction":[{"@type":"SearchAction","target":{"@type":"EntryPoint","urlTemplate":"https:\/\/www.domaineducouvent.com\/?s={search_term_string}"},"query-input":"required name=search_term_string"}],"inLanguage":"fr-FR"},{"@type":"ImageObject","inLanguage":"fr-FR","@id":"https:\/\/www.domaineducouvent.com\/index.php\/nuits-saint-georges-1er-cru-aux-murgers\/#primaryimage","url":"https:\/\/www.domaineducouvent.com\/wp-content\/uploads\/brizy\/imgs\/Murgers-scaled-521x781x0x78x521x687x1652702067.jpg","contentUrl":"https:\/\/www.domaineducouvent.com\/wp-content\/uploads\/brizy\/imgs\/Murgers-scaled-521x781x0x78x521x687x1652702067.jpg"},{"@type":"WebPage","@id":"https:\/\/www.domaineducouvent.com\/index.php\/nuits-saint-georges-1er-cru-aux-murgers\/#webpage","url":"https:\/\/www.domaineducouvent.com\/index.php\/nuits-saint-georges-1er-cru-aux-murgers\/","name":"Nuits Saint Georges 1er Cru - Aux Murgers - Domaine du Couvent - Philippe Cheron","isPartOf":{"@id":"https:\/\/www.domaineducouvent.com\/#website"},"primaryImageOfPage":{"@id":"https:\/\/www.domaineducouvent.com\/index.php\/nuits-saint-georges-1er-cru-aux-murgers\/#primaryimage"},"datePublished":"2021-08-04T13:37:50+00:00","dateModified":"2025-11-14T10:47:07+00:00","breadcrumb":{"@id":"https:\/\/www.domaineducouvent.com\/index.php\/nuits-saint-georges-1er-cru-aux-murgers\/#breadcrumb"},"inLanguage":"fr-FR","potentialAction":[{"@type":"ReadAction","target":["https:\/\/www.domaineducouvent.com\/index.php\/nuits-saint-georges-1er-cru-aux-murgers\/"]}]},{"@type":"BreadcrumbList","@id":"https:\/\/www.domaineducouvent.com\/index.php\/nuits-saint-georges-1er-cru-aux-murgers\/#breadcrumb","itemListElement":[{"@type":"ListItem","position":1,"name":"Accueil","item":"https:\/\/www.domaineducouvent.com\/"},{"@type":"ListItem","position":2,"name":"Nuits Saint Georges 1er Cru &#8211; Aux Murgers"}]}]}},"uagb_featured_image_src":{"full":false,"thumbnail":false,"medium":false,"medium_large":false,"large":false,"1536x1536":false,"2048x2048":false},"uagb_author_info":{"display_name":"admin5320","author_link":"https:\/\/www.domaineducouvent.com\/index.php\/author\/admin5320\/"},"uagb_comment_info":0,"uagb_excerpt":"NUITS SAINT GEORGES PREMIER CRU &#8211; AUX MURGERS Situ\u00e9 \u00e0 mi-chemin des villages de Nuits et Vosne, \u00e0 la base du coteau, sous la Richemone et au sud des Boudots, le climat Aux Murgers tient son nom de l\u2019abondance de pierres qui, au fil des si\u00e8cles, ont \u00e9t\u00e9 accumul\u00e9es en tas sur les contours par\u2026","_links":{"self":[{"href":"https:\/\/www.domaineducouvent.com\/index.php\/wp-json\/wp\/v2\/pages\/1425"}],"collection":[{"href":"https:\/\/www.domaineducouvent.com\/index.php\/wp-json\/wp\/v2\/pages"}],"about":[{"href":"https:\/\/www.domaineducouvent.com\/index.php\/wp-json\/wp\/v2\/types\/page"}],"author":[{"embeddable":true,"href":"https:\/\/www.domaineducouvent.com\/index.php\/wp-json\/wp\/v2\/users\/1"}],"replies":[{"embeddable":true,"href":"https:\/\/www.domaineducouvent.com\/index.php\/wp-json\/wp\/v2\/comments?post=1425"}],"version-history":[{"count":10,"href":"https:\/\/www.domaineducouvent.com\/index.php\/wp-json\/wp\/v2\/pages\/1425\/revisions"}],"predecessor-version":[{"id":2396,"href":"https:\/\/www.domaineducouvent.com\/index.php\/wp-json\/wp\/v2\/pages\/1425\/revisions\/2396"}],"wp:attachment":[{"href":"https:\/\/www.domaineducouvent.com\/index.php\/wp-json\/wp\/v2\/media?parent=1425"}],"curies":[{"name":"wp","href":"https:\/\/api.w.org\/{rel}","templated":true}]}}