{"id":1348,"date":"2021-08-04T10:50:58","date_gmt":"2021-08-04T08:50:58","guid":{"rendered":"https:\/\/www.domaineducouvent.com\/?page_id=1348"},"modified":"2025-11-14T11:29:40","modified_gmt":"2025-11-14T10:29:40","slug":"chambolle-musigny-clos-de-lorme","status":"publish","type":"page","link":"https:\/\/www.domaineducouvent.com\/index.php\/chambolle-musigny-clos-de-lorme\/","title":{"rendered":"Chambolle Musigny &#8211; Clos de l&rsquo;Orme"},"content":{"rendered":"<div class=\"brz-root__container brz-reset-all\">\n<section data-uid=\"kimsystpmzqqxzdbetijuukypexfeuokvtya\" id=\"kimsystpmzqqxzdbetijuukypexfeuokvtya\" class=\"brz-section brz-css-tyrkc\">\n<div class=\"brz-section__content brz-section--boxed brz-css-heshd brz-css-jewnc\" data-custom-id=\"mgetzwevdfarqrasrldyiufssaglbonzhgom\">\n<div class=\"brz-bg\">\n<div class=\"brz-bg-image\"><\/div>\n<div class=\"brz-bg-color\"><\/div>\n<\/div>\n<div class=\"brz-container brz-css-oqhxh\">\n<div class=\"brz-row__container brz-css-krxxx\" data-custom-id=\"eumgorrggxolcgxbawyhrztjjuiiyiyrdsxm\">\n<div class=\"brz-row brz-css-fmtxl brz-css-xjfln\">\n<div class=\"brz-columns brz-css-goeht brz-css-ewzfk\" data-custom-id=\"nutoxijimxhfdoxakcdotfojprdscilaipew\">\n<div class=\"brz-bg\">\n<div class=\"brz-bg-color\"><\/div>\n<\/div>\n<div class=\"brz-column__items brz-css-ydgjd\">\n<div class=\"brz-css-mdjnm brz-wrapper\">\n<div class=\"brz-rich-text brz-rich-text__custom brz-css-lwpth\" data-custom-id=\"ydbkootaxaaaeuvdrpcjdadtcxayspqkvzkg\">\n<div>\n<p class=\"brz-css-fgajc\" data-uniq-id=\"nwtnj\" data-generated-css=\"brz-css-esqpv\"><em class=\"brz-cp-color8\" style=\"letter-spacing: 0px; text-decoration-line: initial; text-transform: initial; background-color: initial; word-spacing: normal;\">CHAMBOLLE MUSIGNY &#8211; CLOS DE L&apos;ORME <\/em><\/p>\n<\/div>\n<\/div>\n<\/div>\n<\/div>\n<\/div>\n<\/div>\n<\/div>\n<div class=\"brz-row__container brz-css-krxxx\" data-custom-id=\"kiwicfrqobgjerisrpzrwidmmbiyqvgikjgx\">\n<div class=\"brz-row brz-css-fmtxl brz-css-xjfln\">\n<div class=\"brz-columns brz-css-goeht brz-css-edshh\" data-custom-id=\"fakjproevicaokcpjvlukcfmrlsrulrzzedj\">\n<div class=\"brz-column__items brz-css-ydgjd\">\n<div class=\"brz-css-mdjnm brz-wrapper\">\n<div class=\"brz-line brz-line-default brz-css-ztxlj brz-css-zrvri\" data-custom-id=\"hzmgmhkrzsxsrxquxdndkkxriomyfgeburdq\">\n<hr class=\"brz-hr\" \/><\/div>\n<\/div>\n<\/div>\n<\/div>\n<\/div>\n<\/div>\n<div class=\"brz-row__container brz-css-krxxx\" data-custom-id=\"wixmakwrmfiovwiuzkqugxrfyhtembeswqyg\">\n<div class=\"brz-row brz-css-fmtxl brz-css-xjfln\">\n<div data-iteration-count=\"1\" class=\"brz-columns brz-css-goeht brz-css-xjrtq brz-animated brz-css-tsyip brz-css-jstii\" data-custom-id=\"esjxaztyxvkyqtwrmpwbkedmepvkbweljiom\">\n<div class=\"brz-column__items brz-css-ydgjd\">\n<div class=\"brz-css-mdjnm brz-wrapper\">\n<div class=\"brz-image brz-css-uxxjv\"><picture class=\"brz-picture brz-d-block brz-p-relative brz-css-udrox\" data-custom-id=\"hromxviwoxwljisuzsjqxtcyuunpsehdszqp\"><source srcset=\"https:\/\/www.domaineducouvent.com\/wp-content\/uploads\/brizy\/imgs\/clos-de-lorme-scaled-521x781x0x78x521x687x1652702012.jpg 1x, https:\/\/www.domaineducouvent.com\/wp-content\/uploads\/brizy\/imgs\/clos-de-lorme-scaled-1042x1562x0x156x1042x1374x1652702012.jpg 2x\" media=\"(min-width: 992px)\" \/><source srcset=\"https:\/\/www.domaineducouvent.com\/wp-content\/uploads\/brizy\/imgs\/clos-de-lorme-scaled-332x498x0x50x332x438x1652702012.jpg 1x, https:\/\/www.domaineducouvent.com\/wp-content\/uploads\/brizy\/imgs\/clos-de-lorme-scaled-664x996x0x100x664x876x1652702012.jpg 2x\" media=\"(min-width: 768px)\" \/><img class=\"brz-img\" srcset=\"https:\/\/www.domaineducouvent.com\/wp-content\/uploads\/brizy\/imgs\/clos-de-lorme-scaled-409x613x0x61x409x539x1652702012.jpg 1x, https:\/\/www.domaineducouvent.com\/wp-content\/uploads\/brizy\/imgs\/clos-de-lorme-scaled-818x1226x0x122x818x1078x1652702012.jpg 2x\" src=\"https:\/\/www.domaineducouvent.com\/wp-content\/uploads\/brizy\/imgs\/clos-de-lorme-scaled-521x781x0x78x521x687x1652702012.jpg\" alt=\"\" draggable=\"false\" loading=\"lazy\" \/><\/picture><\/div>\n<\/div>\n<\/div>\n<\/div>\n<div data-iteration-count=\"1\" class=\"brz-columns brz-css-goeht brz-css-wlcro brz-animated brz-css-upwfn brz-css-ykvst\" data-custom-id=\"dmwgqurfhmrpzvowniaofzqjvritdotmsyce\">\n<div class=\"brz-bg\">\n<div class=\"brz-bg-color\"><\/div>\n<\/div>\n<div class=\"brz-column__items brz-css-ydgjd\">\n<div class=\"brz-row__container brz-css-krxxx\" data-custom-id=\"wtiouqokpjtzylnxsndlpnsxzewfhavbwpol\">\n<div class=\"brz-row brz-row--inner brz-css-fmtxl\">\n<div class=\"brz-columns brz-css-goeht brz-css-rffwy\" data-custom-id=\"zacbhwevhjkldlcltpiknbtlokdmvrdzvsii\">\n<div class=\"brz-column__items brz-css-ydgjd\">\n<div class=\"brz-css-mdjnm brz-wrapper\">\n<div class=\"brz-rich-text brz-rich-text__custom brz-css-lwpth\" data-custom-id=\"atzcmrdshvkxuwkbofvqjjttosjhafakopjw\">\n<div>\n<p class=\"brz-css-dfnth\" data-generated-css=\"brz-css-wakhl\" data-uniq-id=\"vsmaw\"><span class=\"brz-cp-color8\"> <\/span><\/p>\n<p class=\"brz-css-xdlby\" data-generated-css=\"brz-css-qyibh\" data-uniq-id=\"icyxw\"><span class=\"brz-cp-color8\"> <\/span><\/p>\n<p class=\"brz-css-rllif\" data-generated-css=\"brz-css-tlrfo\" data-uniq-id=\"thgsx\"><span class=\"brz-cp-color8\"> <\/span><\/p>\n<p class=\"brz-css-ujqyb\" data-generated-css=\"brz-css-kpyrw\" data-uniq-id=\"pfkrn\"><span class=\"brz-cp-color8\">L\u2019une des principales vignes du Domaine du Couvent \u00e0 Chambolle Musigny est situ\u00e9e au climat Clos de l\u2019Orme pour 36 ares, ce qui autorise une vinification parcellaire de 4 \u00e0 6 pi\u00e8ces. Limitrophe du 1er cru Les Charmes, La vigne est \u00e9tablie sur un sol en pente douce, tr\u00e8s drainant car compos\u00e9 d\u2019une \u00e9paisse couche d\u2019\u00e9boulis calcaires provenant de la combe de Chambolle. La parcelle porte un mat\u00e9riel v\u00e9g\u00e9tal tr\u00e8s diversifi\u00e9 puisque l\u2019on d\u00e9nombre 6 plantations diff\u00e9rentes les plus vieilles ont \u00e9t\u00e9 r\u00e9alis\u00e9es dans les ann\u00e9es 40, puis en 1967,1970 et 1972. La derni\u00e8re plantation date de 1997 apr\u00e8s l\u2019acquisition de la vigne par notre famille. Cette diversit\u00e9 est l\u2019une des clefs de la complexit\u00e9 du vin du Clos de l\u2019Orme. Le caract\u00e8re naturel de la parcelle est \u00e9galement renforc\u00e9 en laissant une proportion de 50% de vendange enti\u00e8re lors de la vinification et un recours  aux f\u00fbts neufs (15 \u00e0 25%). A la d\u00e9gustation, on retrouve le charme et l\u2019\u00e9l\u00e9gance naturelle des vins de Chambolle, mais sur une assise particuli\u00e8rement \u00e9toff\u00e9e. Il est \u00e0 la fois riche, complexe, concentr\u00e9 et dot\u00e9 d\u2019une longueur envoutante. Il est profitable de l\u2019attendre un peu plus que la cuv\u00e9e des 40 ouvr\u00e9es.<\/span><\/p>\n<\/div>\n<\/div>\n<\/div>\n<\/div>\n<\/div>\n<\/div>\n<\/div>\n<\/div>\n<\/div>\n<\/div>\n<\/div>\n<\/div>\n<\/div>\n<\/section>\n<section data-uid=\"hybripxhkylzdeuwpdzvvzbvkiagpcixfgbx\" id=\"hybripxhkylzdeuwpdzvvzbvkiagpcixfgbx\" class=\"brz-section brz-css-tyrkc\">\n<div class=\"brz-section__content brz-section--boxed brz-css-heshd brz-css-asqdt\" data-custom-id=\"zcsbkrjwmiexhjbeiamgpvotcwvrvmxcesyk\">\n<div class=\"brz-bg\">\n<div class=\"brz-bg-color\"><\/div>\n<\/div>\n<div class=\"brz-container brz-css-oqhxh\">\n<div class=\"brz-row__container brz-css-krxxx\" data-custom-id=\"hsffvefkxxgejyjkgvfiuudwuyvezoeeavla\">\n<div class=\"brz-row brz-css-fmtxl brz-css-xjfln\">\n<div class=\"brz-columns brz-css-goeht brz-css-rmbyp\" data-custom-id=\"ldcowhqjhgwpvsbytxufjsfgoininqpqiord\">\n<div class=\"brz-column__items brz-css-ydgjd\">\n<div class=\"brz-css-mdjnm brz-wrapper\">\n<div class=\"brz-rich-text brz-rich-text__custom brz-css-lwpth\" data-custom-id=\"wdvzndqutdqrujmpozlobbithhelpbdcabws\">\n<div>\n<p class=\"brz-css-ppzyq\" data-generated-css=\"brz-css-avdat\" data-uniq-id=\"iklxm\"><span class=\"brz-cp-color8\" style=\"opacity: 1;\">Domaine du Couvent<\/span><\/p>\n<p class=\"brz-css-txiuv\" data-generated-css=\"brz-css-shpay\" data-uniq-id=\"lquyu\"><span class=\"brz-cp-color8\" style=\"opacity: 1;\">7 rue de la croix des champs <\/span><\/p>\n<p class=\"brz-css-qojfu\" data-generated-css=\"brz-css-hkwuf\" data-uniq-id=\"fuofd\"><span class=\"brz-cp-color8\" style=\"opacity: 1;\">21220 Gevrey Chambertin <\/span><\/p>\n<\/div>\n<\/div>\n<\/div>\n<\/div>\n<\/div>\n<div class=\"brz-columns brz-css-goeht brz-css-jjqjj\" data-custom-id=\"mukcedgnglulbllukjtrfytgjkjiugelrwxh\">\n<div class=\"brz-column__items brz-css-ydgjd\">\n<div class=\"brz-css-mdjnm brz-wrapper\">\n<div class=\"brz-image brz-css-randv\"><picture class=\"brz-picture brz-d-block brz-p-relative brz-css-hprfp\" data-custom-id=\"lqubkklnnerieftaegmitgwnpltwypymboaq\"><source srcset=\"https:\/\/www.domaineducouvent.com\/wp-content\/uploads\/brizy\/imgs\/LOGO-COUVENT-BLANC-75x93x3x0x68x93x1627983768.png 1x, https:\/\/www.domaineducouvent.com\/wp-content\/uploads\/brizy\/imgs\/LOGO-COUVENT-BLANC-150x186x6x0x136x186x1627983768.png 2x\" media=\"(min-width: 992px)\" \/><source srcset=\"https:\/\/www.domaineducouvent.com\/wp-content\/uploads\/brizy\/imgs\/LOGO-COUVENT-BLANC-100x124x8x0x84x124x1627983768.png 1x, https:\/\/www.domaineducouvent.com\/wp-content\/uploads\/brizy\/imgs\/LOGO-COUVENT-BLANC-200x248x16x0x168x248x1627983768.png 2x\" media=\"(min-width: 768px)\" \/><img class=\"brz-img\" srcset=\"https:\/\/www.domaineducouvent.com\/wp-content\/uploads\/brizy\/imgs\/LOGO-COUVENT-BLANC-68x84x6x0x56x84x1627983768.png 1x, https:\/\/www.domaineducouvent.com\/wp-content\/uploads\/brizy\/imgs\/LOGO-COUVENT-BLANC-136x168x12x0x112x168x1627983768.png 2x\" src=\"https:\/\/www.domaineducouvent.com\/wp-content\/uploads\/brizy\/imgs\/LOGO-COUVENT-BLANC-75x93x3x0x68x93x1627983768.png\" alt=\"\" draggable=\"false\" loading=\"lazy\" \/><\/picture><\/div>\n<\/div>\n<\/div>\n<\/div>\n<div class=\"brz-columns brz-css-goeht brz-css-hbzbd\" data-custom-id=\"ismpsqapemhygfvipxazcqwzvxhwpugbafmc\">\n<div class=\"brz-column__items brz-css-ydgjd\">\n<div class=\"brz-css-mdjnm brz-wrapper\">\n<div class=\"brz-rich-text brz-rich-text__custom brz-css-lwpth\" data-custom-id=\"kiznxwwdbpdoohgqpbziktssudsvkmbpqmwa\">\n<div>\n<p class=\"brz-css-suapr\" data-uniq-id=\"ighdj\" data-generated-css=\"brz-css-qryym\"><span class=\"brz-cp-color8\">Philippe Ch\u00e9ron<\/span><\/p>\n<p class=\"brz-css-nnsmh\" data-uniq-id=\"wvwcw\" data-generated-css=\"brz-css-cpebf\"><span class=\"brz-cp-color8\">03 80 34 30 30 <\/span><\/p>\n<\/div>\n<\/div>\n<\/div>\n<div class=\"brz-wrapper-clone brz-css-zqkci\">\n<div class=\"brz-d-xs-flex brz-flex-xs-wrap brz-css-jqfxe brz-css-oqyix\">\n<div class=\"brz-wrapper-clone__item brz-css-yluym brz-css-vxvbv\" id=\"cjaibfuealfmexzhzaavcmkipgznqljajaqi\">\n<div id class=\"brz-icon__container\" data-custom-id=\"cjaibfuealfmexzhzaavcmkipgznqljajaqi\"><a class=\"brz-a\" href=\"https:\/\/www.facebook.com\/profile.php?id=100071013171661\" data-brz-link-type=\"external\" id><span class=\"brz-span brz-icon css-16ajnmp\"><svg version=\"1.1\" xmlns=\"http:\/\/www.w3.org\/2000\/svg\" xmlns:xlink=\"http:\/\/www.w3.org\/1999\/xlink\" x=\"0px\" y=\"0px\" viewbox=\"0 0 24 24\" xml:space=\"preserve\" class=\"brz-icon-svg\" data-type=\"glyph\" data-name=\"logo-facebook\"><g class=\"nc-icon-wrapper\" fill=\"currentColor\"><path fill=\"currentColor\" d=\"M22,0H2C0.895,0,0,0.895,0,2v20c0,1.105,0.895,2,2,2h11v-9h-3v-4h3V8.413c0-3.1,1.893-4.788,4.659-4.788 c1.325,0,2.463,0.099,2.795,0.143v3.24l-1.918,0.001c-1.504,0-1.795,0.715-1.795,1.763V11h4.44l-1,4h-3.44v9H22c1.105,0,2-0.895,2-2 V2C24,0.895,23.105,0,22,0z\" \/><\/g><\/svg><\/span><\/a><\/div>\n<\/div>\n<div class=\"brz-wrapper-clone__item brz-css-yluym brz-css-vxvbv\" id=\"munpacnhdqsgpnpyfwnrzpuymcupkohnrjzo\">\n<div id class=\"brz-icon__container\" data-custom-id=\"munpacnhdqsgpnpyfwnrzpuymcupkohnrjzo\"><a class=\"brz-a\" href=\"https:\/\/www.linkedin.com\/company\/domaine-du-couvent-philippe-cheron\/\" data-brz-link-type=\"external\" id><span class=\"brz-span brz-icon css-1flr95o\"><svg version=\"1.1\" xmlns=\"http:\/\/www.w3.org\/2000\/svg\" xmlns:xlink=\"http:\/\/www.w3.org\/1999\/xlink\" x=\"0px\" y=\"0px\" viewbox=\"0 0 24 24\" xml:space=\"preserve\" class=\"brz-icon-svg\" data-type=\"glyph\" data-name=\"logo-linkedin\"><g class=\"nc-icon-wrapper\" fill=\"currentColor\"><path fill=\"currentColor\" d=\"M23,0H1C0.4,0,0,0.4,0,1v22c0,0.6,0.4,1,1,1h22c0.6,0,1-0.4,1-1V1C24,0.4,23.6,0,23,0z M7.1,20.5H3.6V9h3.6 V20.5z M5.3,7.4c-1.1,0-2.1-0.9-2.1-2.1c0-1.1,0.9-2.1,2.1-2.1c1.1,0,2.1,0.9,2.1,2.1C7.4,6.5,6.5,7.4,5.3,7.4z M20.5,20.5h-3.6 v-5.6c0-1.3,0-3-1.8-3c-1.9,0-2.1,1.4-2.1,2.9v5.7H9.4V9h3.4v1.6h0c0.5-0.9,1.6-1.8,3.4-1.8c3.6,0,4.3,2.4,4.3,5.5V20.5z\" \/><\/g><\/svg><\/span><\/a><\/div>\n<\/div>\n<div class=\"brz-wrapper-clone__item brz-css-yluym brz-css-vxvbv\" id=\"lbbmxdezytkztvzcdablidvxdmigmehzvbyt\">\n<div id class=\"brz-icon__container\" data-custom-id=\"lbbmxdezytkztvzcdablidvxdmigmehzvbyt\"><a class=\"brz-a\" href=\"https:\/\/www.instagram.com\/domainecouvent\/\" data-brz-link-type=\"external\" id><span class=\"brz-span brz-icon css-1flr95o\"><svg version=\"1.1\" xmlns=\"http:\/\/www.w3.org\/2000\/svg\" xmlns:xlink=\"http:\/\/www.w3.org\/1999\/xlink\" x=\"0px\" y=\"0px\" viewbox=\"0 0 24 24\" xml:space=\"preserve\" class=\"brz-icon-svg\" data-type=\"glyph\" data-name=\"logo-instagram\"><g class=\"nc-icon-wrapper\" fill=\"currentColor\"><path fill=\"currentColor\" d=\"M12,2.162c3.204,0,3.584,0.012,4.849,0.07c1.366,0.062,2.633,0.336,3.608,1.311 c0.975,0.975,1.249,2.242,1.311,3.608c0.058,1.265,0.07,1.645,0.07,4.849s-0.012,3.584-0.07,4.849 c-0.062,1.366-0.336,2.633-1.311,3.608c-0.975,0.975-2.242,1.249-3.608,1.311c-1.265,0.058-1.645,0.07-4.849,0.07 s-3.584-0.012-4.849-0.07c-1.366-0.062-2.633-0.336-3.608-1.311c-0.975-0.975-1.249-2.242-1.311-3.608 c-0.058-1.265-0.07-1.645-0.07-4.849s0.012-3.584,0.07-4.849c0.062-1.366,0.336-2.633,1.311-3.608 c0.975-0.975,2.242-1.249,3.608-1.311C8.416,2.174,8.796,2.162,12,2.162 M12,0C8.741,0,8.332,0.014,7.052,0.072 c-1.95,0.089-3.663,0.567-5.038,1.942C0.639,3.389,0.161,5.102,0.072,7.052C0.014,8.332,0,8.741,0,12 c0,3.259,0.014,3.668,0.072,4.948c0.089,1.95,0.567,3.663,1.942,5.038c1.375,1.375,3.088,1.853,5.038,1.942 C8.332,23.986,8.741,24,12,24s3.668-0.014,4.948-0.072c1.95-0.089,3.663-0.567,5.038-1.942c1.375-1.375,1.853-3.088,1.942-5.038 C23.986,15.668,24,15.259,24,12s-0.014-3.668-0.072-4.948c-0.089-1.95-0.567-3.663-1.942-5.038 c-1.375-1.375-3.088-1.853-5.038-1.942C15.668,0.014,15.259,0,12,0L12,0z\" \/> <path data-color=\"color-2\" fill=\"currentColor\" d=\"M12,5.838c-3.403,0-6.162,2.759-6.162,6.162S8.597,18.162,12,18.162s6.162-2.759,6.162-6.162 S15.403,5.838,12,5.838z M12,16c-2.209,0-4-1.791-4-4s1.791-4,4-4s4,1.791,4,4S14.209,16,12,16z\" \/> <circle data-color=\"color-2\" fill=\"currentColor\" cx=\"18.406\" cy=\"5.594\" r=\"1.44\" \/><\/g><\/svg><\/span><\/a><\/div>\n<\/div>\n<\/div>\n<\/div>\n<\/div>\n<\/div>\n<\/div>\n<\/div>\n<\/div>\n<\/div>\n<\/section>\n<\/div>\n<p><!-- version:1763116180 --><\/p>\n","protected":false},"excerpt":{"rendered":"<p>CHAMBOLLE MUSIGNY &#8211; CLOS DE L&apos;ORME L\u2019une des principales vignes du Domaine du Couvent \u00e0 Chambolle Musigny est situ\u00e9e au climat Clos de l\u2019Orme pour 36 ares, ce qui autorise une vinification parcellaire de 4 \u00e0 6 pi\u00e8ces. Limitrophe du 1er cru Les Charmes, La vigne est \u00e9tablie sur un sol en pente douce, tr\u00e8s &hellip;<\/p>\n<p class=\"read-more\"> <a class=\"\" href=\"https:\/\/www.domaineducouvent.com\/index.php\/chambolle-musigny-clos-de-lorme\/\"> <span class=\"screen-reader-text\">Chambolle Musigny &#8211; Clos de l&rsquo;Orme<\/span> Lire la suite \u00bb<\/a><\/p>\n","protected":false},"author":1,"featured_media":0,"parent":0,"menu_order":0,"comment_status":"closed","ping_status":"closed","template":"","meta":[],"yoast_head":"<!-- This site is optimized with the Yoast SEO plugin v19.2 - https:\/\/yoast.com\/wordpress\/plugins\/seo\/ -->\n<title>Chambolle Musigny - Clos de l&#039;Orme - Domaine du Couvent - Philippe Cheron<\/title>\n<meta name=\"robots\" content=\"index, follow, max-snippet:-1, max-image-preview:large, max-video-preview:-1\" \/>\n<link rel=\"canonical\" href=\"https:\/\/www.domaineducouvent.com\/index.php\/chambolle-musigny-clos-de-lorme\/\" \/>\n<meta property=\"og:locale\" content=\"fr_FR\" \/>\n<meta property=\"og:type\" content=\"article\" \/>\n<meta property=\"og:title\" content=\"Chambolle Musigny - Clos de l&#039;Orme - Domaine du Couvent - Philippe Cheron\" \/>\n<meta property=\"og:description\" content=\"CHAMBOLLE MUSIGNY &#8211; CLOS DE L&amp;apos;ORME L\u2019une des principales vignes du Domaine du Couvent \u00e0 Chambolle Musigny est situ\u00e9e au climat Clos de l\u2019Orme pour 36 ares, ce qui autorise une vinification parcellaire de 4 \u00e0 6 pi\u00e8ces. Limitrophe du 1er cru Les Charmes, La vigne est \u00e9tablie sur un sol en pente douce, tr\u00e8s &hellip; Chambolle Musigny &#8211; Clos de l&rsquo;Orme Lire la suite \u00bb\" \/>\n<meta property=\"og:url\" content=\"https:\/\/www.domaineducouvent.com\/index.php\/chambolle-musigny-clos-de-lorme\/\" \/>\n<meta property=\"og:site_name\" content=\"Domaine du Couvent - Philippe Cheron\" \/>\n<meta property=\"article:modified_time\" content=\"2025-11-14T10:29:40+00:00\" \/>\n<meta property=\"og:image\" content=\"https:\/\/www.domaineducouvent.com\/wp-content\/uploads\/brizy\/imgs\/clos-de-lorme-scaled-521x781x0x78x521x687x1652702012.jpg\" \/>\n<meta name=\"author\" content=\"admin5320\" \/>\n<meta name=\"twitter:card\" content=\"summary_large_image\" \/>\n<meta name=\"twitter:label1\" content=\"Dur\u00e9e de lecture estim\u00e9e\" \/>\n\t<meta name=\"twitter:data1\" content=\"2 minutes\" \/>\n<script type=\"application\/ld+json\" class=\"yoast-schema-graph\">{\"@context\":\"https:\/\/schema.org\",\"@graph\":[{\"@type\":\"WebSite\",\"@id\":\"https:\/\/www.domaineducouvent.com\/#website\",\"url\":\"https:\/\/www.domaineducouvent.com\/\",\"name\":\"Domaine du Couvent - Philippe Cheron\",\"description\":\"Vigneron au service des Climats\",\"potentialAction\":[{\"@type\":\"SearchAction\",\"target\":{\"@type\":\"EntryPoint\",\"urlTemplate\":\"https:\/\/www.domaineducouvent.com\/?s={search_term_string}\"},\"query-input\":\"required name=search_term_string\"}],\"inLanguage\":\"fr-FR\"},{\"@type\":\"ImageObject\",\"inLanguage\":\"fr-FR\",\"@id\":\"https:\/\/www.domaineducouvent.com\/index.php\/chambolle-musigny-clos-de-lorme\/#primaryimage\",\"url\":\"https:\/\/www.domaineducouvent.com\/wp-content\/uploads\/brizy\/imgs\/clos-de-lorme-scaled-521x781x0x78x521x687x1652702012.jpg\",\"contentUrl\":\"https:\/\/www.domaineducouvent.com\/wp-content\/uploads\/brizy\/imgs\/clos-de-lorme-scaled-521x781x0x78x521x687x1652702012.jpg\"},{\"@type\":\"WebPage\",\"@id\":\"https:\/\/www.domaineducouvent.com\/index.php\/chambolle-musigny-clos-de-lorme\/#webpage\",\"url\":\"https:\/\/www.domaineducouvent.com\/index.php\/chambolle-musigny-clos-de-lorme\/\",\"name\":\"Chambolle Musigny - Clos de l'Orme - Domaine du Couvent - Philippe Cheron\",\"isPartOf\":{\"@id\":\"https:\/\/www.domaineducouvent.com\/#website\"},\"primaryImageOfPage\":{\"@id\":\"https:\/\/www.domaineducouvent.com\/index.php\/chambolle-musigny-clos-de-lorme\/#primaryimage\"},\"datePublished\":\"2021-08-04T08:50:58+00:00\",\"dateModified\":\"2025-11-14T10:29:40+00:00\",\"breadcrumb\":{\"@id\":\"https:\/\/www.domaineducouvent.com\/index.php\/chambolle-musigny-clos-de-lorme\/#breadcrumb\"},\"inLanguage\":\"fr-FR\",\"potentialAction\":[{\"@type\":\"ReadAction\",\"target\":[\"https:\/\/www.domaineducouvent.com\/index.php\/chambolle-musigny-clos-de-lorme\/\"]}]},{\"@type\":\"BreadcrumbList\",\"@id\":\"https:\/\/www.domaineducouvent.com\/index.php\/chambolle-musigny-clos-de-lorme\/#breadcrumb\",\"itemListElement\":[{\"@type\":\"ListItem\",\"position\":1,\"name\":\"Accueil\",\"item\":\"https:\/\/www.domaineducouvent.com\/\"},{\"@type\":\"ListItem\",\"position\":2,\"name\":\"Chambolle Musigny &#8211; Clos de l&rsquo;Orme\"}]}]}<\/script>\n<!-- \/ Yoast SEO plugin. -->","yoast_head_json":{"title":"Chambolle Musigny - Clos de l'Orme - Domaine du Couvent - Philippe Cheron","robots":{"index":"index","follow":"follow","max-snippet":"max-snippet:-1","max-image-preview":"max-image-preview:large","max-video-preview":"max-video-preview:-1"},"canonical":"https:\/\/www.domaineducouvent.com\/index.php\/chambolle-musigny-clos-de-lorme\/","og_locale":"fr_FR","og_type":"article","og_title":"Chambolle Musigny - Clos de l'Orme - Domaine du Couvent - Philippe Cheron","og_description":"CHAMBOLLE MUSIGNY &#8211; CLOS DE L&apos;ORME L\u2019une des principales vignes du Domaine du Couvent \u00e0 Chambolle Musigny est situ\u00e9e au climat Clos de l\u2019Orme pour 36 ares, ce qui autorise une vinification parcellaire de 4 \u00e0 6 pi\u00e8ces. Limitrophe du 1er cru Les Charmes, La vigne est \u00e9tablie sur un sol en pente douce, tr\u00e8s &hellip; Chambolle Musigny &#8211; Clos de l&rsquo;Orme Lire la suite \u00bb","og_url":"https:\/\/www.domaineducouvent.com\/index.php\/chambolle-musigny-clos-de-lorme\/","og_site_name":"Domaine du Couvent - Philippe Cheron","article_modified_time":"2025-11-14T10:29:40+00:00","og_image":[{"url":"https:\/\/www.domaineducouvent.com\/wp-content\/uploads\/brizy\/imgs\/clos-de-lorme-scaled-521x781x0x78x521x687x1652702012.jpg"}],"author":"admin5320","twitter_card":"summary_large_image","twitter_misc":{"Dur\u00e9e de lecture estim\u00e9e":"2 minutes"},"schema":{"@context":"https:\/\/schema.org","@graph":[{"@type":"WebSite","@id":"https:\/\/www.domaineducouvent.com\/#website","url":"https:\/\/www.domaineducouvent.com\/","name":"Domaine du Couvent - Philippe Cheron","description":"Vigneron au service des Climats","potentialAction":[{"@type":"SearchAction","target":{"@type":"EntryPoint","urlTemplate":"https:\/\/www.domaineducouvent.com\/?s={search_term_string}"},"query-input":"required name=search_term_string"}],"inLanguage":"fr-FR"},{"@type":"ImageObject","inLanguage":"fr-FR","@id":"https:\/\/www.domaineducouvent.com\/index.php\/chambolle-musigny-clos-de-lorme\/#primaryimage","url":"https:\/\/www.domaineducouvent.com\/wp-content\/uploads\/brizy\/imgs\/clos-de-lorme-scaled-521x781x0x78x521x687x1652702012.jpg","contentUrl":"https:\/\/www.domaineducouvent.com\/wp-content\/uploads\/brizy\/imgs\/clos-de-lorme-scaled-521x781x0x78x521x687x1652702012.jpg"},{"@type":"WebPage","@id":"https:\/\/www.domaineducouvent.com\/index.php\/chambolle-musigny-clos-de-lorme\/#webpage","url":"https:\/\/www.domaineducouvent.com\/index.php\/chambolle-musigny-clos-de-lorme\/","name":"Chambolle Musigny - Clos de l'Orme - Domaine du Couvent - Philippe Cheron","isPartOf":{"@id":"https:\/\/www.domaineducouvent.com\/#website"},"primaryImageOfPage":{"@id":"https:\/\/www.domaineducouvent.com\/index.php\/chambolle-musigny-clos-de-lorme\/#primaryimage"},"datePublished":"2021-08-04T08:50:58+00:00","dateModified":"2025-11-14T10:29:40+00:00","breadcrumb":{"@id":"https:\/\/www.domaineducouvent.com\/index.php\/chambolle-musigny-clos-de-lorme\/#breadcrumb"},"inLanguage":"fr-FR","potentialAction":[{"@type":"ReadAction","target":["https:\/\/www.domaineducouvent.com\/index.php\/chambolle-musigny-clos-de-lorme\/"]}]},{"@type":"BreadcrumbList","@id":"https:\/\/www.domaineducouvent.com\/index.php\/chambolle-musigny-clos-de-lorme\/#breadcrumb","itemListElement":[{"@type":"ListItem","position":1,"name":"Accueil","item":"https:\/\/www.domaineducouvent.com\/"},{"@type":"ListItem","position":2,"name":"Chambolle Musigny &#8211; Clos de l&rsquo;Orme"}]}]}},"uagb_featured_image_src":{"full":false,"thumbnail":false,"medium":false,"medium_large":false,"large":false,"1536x1536":false,"2048x2048":false},"uagb_author_info":{"display_name":"admin5320","author_link":"https:\/\/www.domaineducouvent.com\/index.php\/author\/admin5320\/"},"uagb_comment_info":0,"uagb_excerpt":"CHAMBOLLE MUSIGNY &#8211; CLOS DE L&apos;ORME L\u2019une des principales vignes du Domaine du Couvent \u00e0 Chambolle Musigny est situ\u00e9e au climat Clos de l\u2019Orme pour 36 ares, ce qui autorise une vinification parcellaire de 4 \u00e0 6 pi\u00e8ces. Limitrophe du 1er cru Les Charmes, La vigne est \u00e9tablie sur un sol en pente douce, tr\u00e8s\u2026","_links":{"self":[{"href":"https:\/\/www.domaineducouvent.com\/index.php\/wp-json\/wp\/v2\/pages\/1348"}],"collection":[{"href":"https:\/\/www.domaineducouvent.com\/index.php\/wp-json\/wp\/v2\/pages"}],"about":[{"href":"https:\/\/www.domaineducouvent.com\/index.php\/wp-json\/wp\/v2\/types\/page"}],"author":[{"embeddable":true,"href":"https:\/\/www.domaineducouvent.com\/index.php\/wp-json\/wp\/v2\/users\/1"}],"replies":[{"embeddable":true,"href":"https:\/\/www.domaineducouvent.com\/index.php\/wp-json\/wp\/v2\/comments?post=1348"}],"version-history":[{"count":11,"href":"https:\/\/www.domaineducouvent.com\/index.php\/wp-json\/wp\/v2\/pages\/1348\/revisions"}],"predecessor-version":[{"id":2385,"href":"https:\/\/www.domaineducouvent.com\/index.php\/wp-json\/wp\/v2\/pages\/1348\/revisions\/2385"}],"wp:attachment":[{"href":"https:\/\/www.domaineducouvent.com\/index.php\/wp-json\/wp\/v2\/media?parent=1348"}],"curies":[{"name":"wp","href":"https:\/\/api.w.org\/{rel}","templated":true}]}}